{"id":288,"date":"2023-08-09T00:59:38","date_gmt":"2023-08-09T05:59:38","guid":{"rendered":"https:\/\/www.reyesaa.com\/?page_id=288"},"modified":"2024-05-21T15:25:36","modified_gmt":"2024-05-21T20:25:36","slug":"servicios-3","status":"publish","type":"page","link":"https:\/\/www.reyesaa.com\/en\/servicios-3\/","title":{"rendered":"Servicios 3"},"content":{"rendered":"<div class=\"wpb-content-wrapper\"><div data-vc-full-width=\"true\" data-vc-full-width-init=\"false\" data-vc-stretch-content=\"true\" class=\"vc_row wpb_row vc_row-fluid vc_custom_1691496431271 vc_row-no-padding wd-rs-64d22feb30c4a\"><div class=\"wpb_column vc_column_container vc_col-sm-12 wd-rs-64d227599e2a1\"><div class=\"vc_column-inner vc_custom_1691494238119\"><div class=\"wpb_wrapper\">\t\t\t<link rel=\"stylesheet\" id=\"wd-image-gallery-css\" href=\"https:\/\/www.reyesaa.com\/wp-content\/themes\/woodmart\/css\/parts\/el-gallery.min.css?ver=7.4.3\" type=\"text\/css\" media=\"all\" \/> \t\t\t\t\t<div id=\"gallery_627\" class=\"wd-images-gallery wd-wpb wd-rs-664d02add5ff0 vc_custom_1716322959005\" style=\"--wd-justify-content:center;--wd-align-items:center;\">\n\t\t\t\n\t\t\t<div class=\"wd-grid-g\" style=\"--wd-col-lg:1;--wd-col-md:1;--wd-col-sm:1;--wd-gap-lg:0px;\">\n\t\t\t\t\n\t\t\t\t\t\t\t\t\t\t\t\t\t\t\t<div class=\"wd-gallery-item wd-col\">\n\t\t\t\t\t\t\t\n\t\t\t\t\t\t\t\t<img loading=\"lazy\" decoding=\"async\" width=\"2560\" height=\"1084\" src=\"https:\/\/www.reyesaa.com\/wp-content\/uploads\/image00124.jpeg55.jpeg99-scaled.jpeg\" class=\"wd-gallery-image image-1\" alt=\"\" srcset=\"https:\/\/www.reyesaa.com\/wp-content\/uploads\/image00124.jpeg55.jpeg99-scaled.jpeg 2560w, https:\/\/www.reyesaa.com\/wp-content\/uploads\/image00124.jpeg55.jpeg99-300x127.jpeg 300w, https:\/\/www.reyesaa.com\/wp-content\/uploads\/image00124.jpeg55.jpeg99-1024x434.jpeg 1024w, https:\/\/www.reyesaa.com\/wp-content\/uploads\/image00124.jpeg55.jpeg99-150x64.jpeg 150w, https:\/\/www.reyesaa.com\/wp-content\/uploads\/image00124.jpeg55.jpeg99-768x325.jpeg 768w, https:\/\/www.reyesaa.com\/wp-content\/uploads\/image00124.jpeg55.jpeg99-1536x650.jpeg 1536w, https:\/\/www.reyesaa.com\/wp-content\/uploads\/image00124.jpeg55.jpeg99-2048x867.jpeg 2048w, https:\/\/www.reyesaa.com\/wp-content\/uploads\/image00124.jpeg55.jpeg99-18x8.jpeg 18w\" sizes=\"auto, (max-width: 2560px) 100vw, 2560px\" \/>\n\t\t\t\t\t\t\t\t\t\t\t\t\t\t<\/div>\n\t\t\t\t\t\t\t\t\t\n\t\t\t\t\t\t\t<\/div>\n\n\t\t\t\t\t<\/div>\n\t\t<\/div><\/div><\/div><\/div><div class=\"vc_row-full-width vc_clearfix\"><\/div><div data-vc-full-width=\"true\" data-vc-full-width-init=\"false\" data-vc-stretch-content=\"true\" class=\"vc_row wpb_row vc_row-fluid vc_custom_1691496409126 vc_row-no-padding wd-rs-64d22fd4cc925\"><div class=\"wpb_column vc_column_container vc_col-sm-12 wd-rs-64d227599e2a1\"><div class=\"vc_column-inner vc_custom_1691494238119\"><div class=\"wpb_wrapper\">\t\t\t<link rel=\"stylesheet\" id=\"wd-banner-css\" href=\"https:\/\/www.reyesaa.com\/wp-content\/themes\/woodmart\/css\/parts\/wpb-el-banner.min.css?ver=7.4.3\" type=\"text\/css\" media=\"all\" \/> \t\t\t\t\t\t<link rel=\"stylesheet\" id=\"wd-banner-btn-hover-css\" href=\"https:\/\/www.reyesaa.com\/wp-content\/themes\/woodmart\/css\/parts\/el-banner-btn-hover.min.css?ver=7.4.3\" type=\"text\/css\" media=\"all\" \/> \t\t\t\t\t\t<link rel=\"stylesheet\" id=\"wd-mod-highlighted-text-css\" href=\"https:\/\/www.reyesaa.com\/wp-content\/themes\/woodmart\/css\/parts\/mod-highlighted-text.min.css?ver=7.4.3\" type=\"text\/css\" media=\"all\" \/> \t\t\t\t\t<div class=\"promo-banner-wrapper  wd-rs-64de610c7555f vc_custom_1692295445499\">\n\t\t\t<div id=\"wd-64de610c7555f\" class=\"promo-banner  banner- banner-hover-none color-scheme-light banner-btn-size-default banner-btn-style-default  wd-underline-colored\">\n\t\t\t\t<div class=\"main-wrapp-img\">\n\t\t\t\t\t<div class=\"banner-image wd-bg-position-center\" >\n\t\t\t\t\t\t<img loading=\"lazy\" decoding=\"async\" width=\"1920\" height=\"140\" src=\"https:\/\/www.reyesaa.com\/wp-content\/uploads\/cintillo.png\" class=\"attachment-full size-full\" alt=\"cintillo\" \/>\t\t\t\t\t<\/div>\n\t\t\t\t<\/div>\n\n\t\t\t\t<div class=\"wrapper-content-banner wd-fill  wd-items-middle wd-justify-center\">\n\t\t\t\t\t<div class=\"content-banner  text-center\">\n\t\t\t\t\t\t<h1 class=\"banner-title wd-font-weight-400 font-primary wd-fontsize-xxl\">Practice Areas<\/h1>\t\t\t\t\t\t\n\t\t\t\t\t\t\n\t\t\t\t\t\t\t\t\t\t\t<\/div>\n\t\t\t\t<\/div>\n\n\t\t\t\t\n\t\t\t\t\t\t\t<\/div>\n\t\t<\/div>\n\n\t\t<\/div><\/div><\/div><\/div><div class=\"vc_row-full-width vc_clearfix\"><\/div><div data-vc-full-width=\"true\" data-vc-full-width-init=\"false\" class=\"vc_row wpb_row vc_row-fluid vc_custom_1691558524930 vc_row-has-fill wd-bg-center-bottom wd-rs-64d32278030fc\"><div class=\"wpb_column vc_column_container vc_col-sm-12 wd-rs-64d1cbd13b406\"><div class=\"vc_column-inner vc_custom_1691470806922\"><div class=\"wpb_wrapper\"><div id=\"9\" class=\"vc_row wpb_row vc_inner vc_row-fluid wd-rs-64d32cd8f2b8c\"><div class=\"wpb_column vc_column_container vc_col-sm-12\"><div class=\"vc_column-inner\"><div class=\"wpb_wrapper\">\t\t\t<link rel=\"stylesheet\" id=\"wd-section-title-css\" href=\"https:\/\/www.reyesaa.com\/wp-content\/themes\/woodmart\/css\/parts\/el-section-title.min.css?ver=7.4.3\" type=\"text\/css\" media=\"all\" \/> \t\t\t\n\t\t<div id=\"wd-64de611a77720\" class=\"title-wrapper wd-wpb set-mb-s reset-last-child  wd-rs-64de611a77720 wd-title-color-default wd-title-style-default text-left vc_custom_1692295464052 wd-underline-colored\">\n\t\t\t\n\t\t\t<div class=\"liner-continer\">\n\t\t\t\t<h3 class=\"woodmart-title-container title  wd-font-weight-400 wd-fontsize-xxl\" >Real Estate Law<\/h3>\n\t\t\t\t\t\t\t<\/div>\n\t\t\t\n\t\t\t\n\t\t\t\n\t\t<\/div>\n\t\t\n\t\t<\/div><\/div><\/div><\/div><div class=\"vc_empty_space\"   style=\"height: 30px\"><span class=\"vc_empty_space_inner\"><\/span><\/div><div class=\"vc_row wpb_row vc_inner vc_row-fluid vc_custom_1691495085085 vc_column-gap-30 vc_row-o-content-middle vc_row-flex wd-rs-64d22aa8e82e4\">\t\t\t<link rel=\"stylesheet\" id=\"wd-animations-css\" href=\"https:\/\/www.reyesaa.com\/wp-content\/themes\/woodmart\/css\/parts\/mod-animations-transform.min.css?ver=7.4.3\" type=\"text\/css\" media=\"all\" \/> \t\t\t<div class=\"wpb_column vc_column_container vc_col-sm-6 wd-rs-64d1dcec80e63\"><div class=\"vc_column-inner vc_custom_1691475184292\"><div class=\"wpb_wrapper\">\t\t<div id=\"gallery_396\" class=\"wd-images-gallery wd-wpb wd-animation-slide-from-left wd-animation-normal wd_delay_200 wd-rs-64dad900371b0 vc_custom_1692064010360\" style=\"--wd-justify-content:center;--wd-align-items:center;\">\n\t\t\t\n\t\t\t<div class=\"wd-grid-g\" style=\"--wd-col-lg:1;--wd-col-md:1;--wd-col-sm:1;--wd-gap-lg:0px;\">\n\t\t\t\t\n\t\t\t\t\t\t\t\t\t\t\t\t\t\t\t<div class=\"wd-gallery-item wd-col\">\n\t\t\t\t\t\t\t\n\t\t\t\t\t\t\t\t<img loading=\"lazy\" decoding=\"async\" width=\"675\" height=\"453\" src=\"https:\/\/www.reyesaa.com\/wp-content\/uploads\/Derecho-inmobiliario.webp\" class=\"wd-gallery-image image-1\" alt=\"Derecho inmobiliario\" srcset=\"https:\/\/www.reyesaa.com\/wp-content\/uploads\/Derecho-inmobiliario.webp 675w, https:\/\/www.reyesaa.com\/wp-content\/uploads\/Derecho-inmobiliario-300x201.webp 300w, https:\/\/www.reyesaa.com\/wp-content\/uploads\/Derecho-inmobiliario-150x101.webp 150w\" sizes=\"auto, (max-width: 675px) 100vw, 675px\" \/>\n\t\t\t\t\t\t\t\t\t\t\t\t\t\t<\/div>\n\t\t\t\t\t\t\t\t\t\n\t\t\t\t\t\t\t<\/div>\n\n\t\t\t\t\t<\/div>\n\t\t<\/div><\/div><\/div><div class=\"wpb_column vc_column_container vc_col-sm-6 wd-rs-64d1cb7e9327a\"><div class=\"vc_column-inner vc_custom_1691470723765\"><div class=\"wpb_wrapper\">\t\t\t<link rel=\"stylesheet\" id=\"wd-text-block-css\" href=\"https:\/\/www.reyesaa.com\/wp-content\/themes\/woodmart\/css\/parts\/el-text-block.min.css?ver=7.4.3\" type=\"text\/css\" media=\"all\" \/> \t\t\t\t\t<div id=\"wd-64d32d7c84258\" class=\"wd-text-block wd-wpb reset-last-child wd-rs-64d32d7c84258 text-left wd-font-weight-400\">\n\t\t\t<p>We provide advice in matters related to real estate and real property, acquisitions of real estate, commercial establishments such as plants, factories and warehouses and in general, leasing operations, lease agreements, title studies, obtaining licenses for construction, urban planning, structuring of Horizontal Property Regulations and other legal matters that govern the subject of real estate, including special procedures in the establishment of industries and the execution of agro-industrial processes, among others.<\/p>\n\t\t<\/div>\n\t\t<div class=\"vc_empty_space\"   style=\"height: 20px\"><span class=\"vc_empty_space_inner\"><\/span><\/div><div id=\"wd-64d4c4623e12b\" class=\"wd-rs-64d4c4623e12b  wd-button-wrapper text-center inline-element\"><a href=\"\/en\/contactenos\/\" title=\"\" class=\"btn btn-scheme-custom btn-scheme-hover-custom btn-style-default btn-style-semi-round btn-size-default\">Contact<\/a><\/div><\/div><\/div><\/div><\/div><div class=\"vc_empty_space\"   style=\"height: 62px\"><span class=\"vc_empty_space_inner\"><\/span><\/div><div class=\"vc_row wpb_row vc_inner vc_row-fluid vc_custom_1691557229930 vc_column-gap-30 vc_row-o-content-middle vc_row-flex row-reverse-mobile wd-rs-64d31d6a2f7a8\"><div class=\"wpb_column vc_column_container vc_col-sm-6 wd-rs-64d1dcec80e63\"><div class=\"vc_column-inner vc_custom_1691475184292\"><div class=\"wpb_wrapper\">\t\t<div id=\"wd-64d32d8cf1003\" class=\"wd-text-block wd-wpb reset-last-child wd-rs-64d32d8cf1003 text-left wd-font-weight-400\">\n\t\t\t<p>We also represent our clients before the competent authorities in urban planning matters, with respect to land use, land use plans, cadastral procedures and agreements with public entities.<\/p>\n<p>Likewise, we have experience in popular actions aimed at the respect of urban planning regulations, public safety and health, administrative morality, public space and cultural heritage.<\/p>\n\t\t<\/div>\n\t\t<div class=\"vc_empty_space\"   style=\"height: 20px\"><span class=\"vc_empty_space_inner\"><\/span><\/div><div id=\"wd-64d4c47074658\" class=\"wd-rs-64d4c47074658  wd-button-wrapper text-center inline-element\"><a href=\"\/en\/contactenos\/\" title=\"\" class=\"btn btn-scheme-custom btn-scheme-hover-custom btn-style-default btn-style-semi-round btn-size-default\">Contact<\/a><\/div><\/div><\/div><\/div><div class=\"wpb_column vc_column_container vc_col-sm-6 wd-rs-64d1cb7e9327a\"><div class=\"vc_column-inner vc_custom_1691470723765\"><div class=\"wpb_wrapper\">\t\t<div id=\"gallery_613\" class=\"wd-images-gallery wd-wpb wd-animation-slide-from-right wd-animation-normal wd_delay_200 wd-rs-65cd3445b1ac2 vc_custom_1707947276152\" style=\"--wd-justify-content:center;--wd-align-items:center;\">\n\t\t\t\n\t\t\t<div class=\"wd-grid-g\" style=\"--wd-col-lg:1;--wd-col-md:1;--wd-col-sm:1;--wd-gap-lg:0px;\">\n\t\t\t\t\n\t\t\t\t\t\t\t\t\t\t\t\t\t\t\t<div class=\"wd-gallery-item wd-col\">\n\t\t\t\t\t\t\t\n\t\t\t\t\t\t\t\t<img loading=\"lazy\" decoding=\"async\" width=\"1890\" height=\"1890\" src=\"https:\/\/www.reyesaa.com\/wp-content\/uploads\/Neutral-Minimal-Simple-Elegant-Quote-Instagram-Post-3-1.png\" class=\"wd-gallery-image image-1\" alt=\"\" srcset=\"https:\/\/www.reyesaa.com\/wp-content\/uploads\/Neutral-Minimal-Simple-Elegant-Quote-Instagram-Post-3-1.png 1890w, https:\/\/www.reyesaa.com\/wp-content\/uploads\/Neutral-Minimal-Simple-Elegant-Quote-Instagram-Post-3-1-300x300.png 300w, https:\/\/www.reyesaa.com\/wp-content\/uploads\/Neutral-Minimal-Simple-Elegant-Quote-Instagram-Post-3-1-1024x1024.png 1024w, https:\/\/www.reyesaa.com\/wp-content\/uploads\/Neutral-Minimal-Simple-Elegant-Quote-Instagram-Post-3-1-150x150.png 150w, https:\/\/www.reyesaa.com\/wp-content\/uploads\/Neutral-Minimal-Simple-Elegant-Quote-Instagram-Post-3-1-768x768.png 768w, https:\/\/www.reyesaa.com\/wp-content\/uploads\/Neutral-Minimal-Simple-Elegant-Quote-Instagram-Post-3-1-1536x1536.png 1536w, https:\/\/www.reyesaa.com\/wp-content\/uploads\/Neutral-Minimal-Simple-Elegant-Quote-Instagram-Post-3-1-12x12.png 12w\" sizes=\"auto, (max-width: 1890px) 100vw, 1890px\" \/>\n\t\t\t\t\t\t\t\t\t\t\t\t\t\t<\/div>\n\t\t\t\t\t\t\t\t\t\n\t\t\t\t\t\t\t<\/div>\n\n\t\t\t\t\t<\/div>\n\t\t<\/div><\/div><\/div><\/div><\/div><\/div><\/div><\/div><div class=\"vc_row-full-width vc_clearfix\"><\/div><div id=\"10\" data-vc-full-width=\"true\" data-vc-full-width-init=\"false\" data-vc-stretch-content=\"true\" class=\"vc_row wpb_row vc_row-fluid vc_custom_1691561427435 vc_row-no-padding vc_row-o-equal-height vc_row-o-content-middle vc_row-flex wd-rs-64d32dced9da7\"><div class=\"wpb_column vc_column_container vc_col-sm-6 wd-rs-64d30b3869e12\"><div class=\"vc_column-inner vc_custom_1691552573325\"><div class=\"wpb_wrapper\">\t\t<div id=\"gallery_859\" class=\"wd-images-gallery wd-wpb wd-rs-664d02d91da32 vc_custom_1716323022439\" style=\"--wd-justify-content:center;--wd-align-items:center;\">\n\t\t\t\n\t\t\t<div class=\"wd-grid-g\" style=\"--wd-col-lg:1;--wd-col-md:1;--wd-col-sm:1;--wd-gap-lg:0px;\">\n\t\t\t\t\n\t\t\t\t\t\t\t\t\t\t\t\t\t\t\t<div class=\"wd-gallery-item wd-col\">\n\t\t\t\t\t\t\t\n\t\t\t\t\t\t\t\t<img loading=\"lazy\" decoding=\"async\" width=\"1454\" height=\"1080\" src=\"https:\/\/www.reyesaa.com\/wp-content\/uploads\/Picsart_24-02-13_16-12-02-036-1.jpg\" class=\"wd-gallery-image image-1\" alt=\"\" srcset=\"https:\/\/www.reyesaa.com\/wp-content\/uploads\/Picsart_24-02-13_16-12-02-036-1.jpg 1454w, https:\/\/www.reyesaa.com\/wp-content\/uploads\/Picsart_24-02-13_16-12-02-036-1-300x223.jpg 300w, https:\/\/www.reyesaa.com\/wp-content\/uploads\/Picsart_24-02-13_16-12-02-036-1-1024x761.jpg 1024w, https:\/\/www.reyesaa.com\/wp-content\/uploads\/Picsart_24-02-13_16-12-02-036-1-150x111.jpg 150w, https:\/\/www.reyesaa.com\/wp-content\/uploads\/Picsart_24-02-13_16-12-02-036-1-768x570.jpg 768w, https:\/\/www.reyesaa.com\/wp-content\/uploads\/Picsart_24-02-13_16-12-02-036-1-16x12.jpg 16w\" sizes=\"auto, (max-width: 1454px) 100vw, 1454px\" \/>\n\t\t\t\t\t\t\t\t\t\t\t\t\t\t<\/div>\n\t\t\t\t\t\t\t\t\t\n\t\t\t\t\t\t\t<\/div>\n\n\t\t\t\t\t<\/div>\n\t\t<\/div><\/div><\/div><div class=\"wpb_column vc_column_container vc_col-sm-6 vc_col-has-fill wd-bg-center-center wd-rs-64d320d614134\"><div class=\"vc_column-inner vc_custom_1691558146113\"><div class=\"wpb_wrapper\">\n\t\t<div id=\"wd-64d32dc5e397a\" class=\"title-wrapper wd-wpb set-mb-s reset-last-child  wd-rs-64d32dc5e397a wd-title-color-default wd-title-style-default text-left vc_custom_1691561417515 wd-underline-colored\">\n\t\t\t\n\t\t\t<div class=\"liner-continer\">\n\t\t\t\t<h3 class=\"woodmart-title-container title  wd-font-weight-400 wd-fontsize-xxl\" >Dispute settlement<\/h3>\n\t\t\t\t\t\t\t<\/div>\n\t\t\t\n\t\t\t\n\t\t\t\n\t\t<\/div>\n\t\t\n\t\t\t\t<div id=\"wd-64d32de6781fc\" class=\"wd-text-block wd-wpb reset-last-child wd-rs-64d32de6781fc text-left wd-font-weight-400\">\n\t\t\t<p>We manage, on behalf of our clients, the negotiations aimed at solving the conflicts that are part of the commercial activities of the latter. The Firm's track record in this area has been particularly successful.<br \/>\nThe Firm is able to represent its clients in arbitration and conciliation processes with public and private entities, for which we focus all our experience and capacity, in order to guarantee the interests of our clients in the matters they entrust to us.<\/p>\n<p>We are also prepared to intervene in international arbitration proceedings arising from the execution of Double Taxation Treaties (DTTs) that Colombia has been negotiating.<\/p>\n\t\t<\/div>\n\t\t<\/div><\/div><\/div><\/div><div class=\"vc_row-full-width vc_clearfix\"><\/div><div data-vc-full-width=\"true\" data-vc-full-width-init=\"false\" data-vc-stretch-content=\"true\" class=\"vc_row wpb_row vc_row-fluid vc_custom_1691561534595 vc_row-no-padding vc_row-o-equal-height vc_row-o-content-middle vc_row-flex wd-rs-64d32e370b8c1\"><div class=\"wpb_column vc_column_container vc_col-sm-6 vc_col-has-fill wd-bg-center-center wd-rs-64d30386207c8\"><div class=\"vc_column-inner vc_custom_1691550605478\"><div class=\"wpb_wrapper\">\t\t<div id=\"wd-64d32e6edb0f1\" class=\"wd-text-block wd-wpb reset-last-child wd-rs-64d32e6edb0f1 text-left wd-font-weight-400\">\n\t\t\t<p>Regarding litigation in judicial and administrative matters, the Firm has an important record of satisfactory settlements in the preliminary instances, which has translated into substantial savings for our clients.<\/p>\n<p>With respect to bankruptcy proceedings, we provide advice on compulsory liquidations (bankruptcy) and insolvency events (restructuring of liabilities and reorganizations), assist in the negotiation, restructuring and priority of credits, liquidation of obligations and dissolution and liquidation of legal entities. We also represent our clients before companies in bankruptcy and corporate restructuring proceedings and in the corresponding liquidation processes.<\/p>\n\t\t<\/div>\n\t\t<div class=\"vc_empty_space\"   style=\"height: 20px\"><span class=\"vc_empty_space_inner\"><\/span><\/div><div id=\"wd-64d4c48176bb0\" class=\"wd-rs-64d4c48176bb0  wd-button-wrapper text-center inline-element\"><a href=\"\/en\/contactenos\/\" title=\"\" class=\"btn btn-scheme-custom btn-scheme-hover-custom btn-style-default btn-style-semi-round btn-size-default\">Contact<\/a><\/div><\/div><\/div><\/div><div class=\"wpb_column vc_column_container vc_col-sm-6 wd-rs-64d2284088f7f\"><div class=\"vc_column-inner vc_custom_1691494470440\"><div class=\"wpb_wrapper\">\t\t<div id=\"gallery_937\" class=\"wd-images-gallery wd-wpb wd-rs-664d0303931bb vc_custom_1716323076733\" style=\"--wd-justify-content:center;--wd-align-items:center;\">\n\t\t\t\n\t\t\t<div class=\"wd-grid-g\" style=\"--wd-col-lg:1;--wd-col-md:1;--wd-col-sm:1;--wd-gap-lg:0px;\">\n\t\t\t\t\n\t\t\t\t\t\t\t\t\t\t\t\t\t\t\t<div class=\"wd-gallery-item wd-col\">\n\t\t\t\t\t\t\t\n\t\t\t\t\t\t\t\t<img loading=\"lazy\" decoding=\"async\" width=\"1200\" height=\"1342\" src=\"https:\/\/www.reyesaa.com\/wp-content\/uploads\/Picsart_24-02-13_15-07-30-530.jpg\" class=\"wd-gallery-image image-1\" alt=\"\" srcset=\"https:\/\/www.reyesaa.com\/wp-content\/uploads\/Picsart_24-02-13_15-07-30-530.jpg 1200w, https:\/\/www.reyesaa.com\/wp-content\/uploads\/Picsart_24-02-13_15-07-30-530-268x300.jpg 268w, https:\/\/www.reyesaa.com\/wp-content\/uploads\/Picsart_24-02-13_15-07-30-530-916x1024.jpg 916w, https:\/\/www.reyesaa.com\/wp-content\/uploads\/Picsart_24-02-13_15-07-30-530-134x150.jpg 134w, https:\/\/www.reyesaa.com\/wp-content\/uploads\/Picsart_24-02-13_15-07-30-530-768x859.jpg 768w, https:\/\/www.reyesaa.com\/wp-content\/uploads\/Picsart_24-02-13_15-07-30-530-11x12.jpg 11w\" sizes=\"auto, (max-width: 1200px) 100vw, 1200px\" \/>\n\t\t\t\t\t\t\t\t\t\t\t\t\t\t<\/div>\n\t\t\t\t\t\t\t\t\t\n\t\t\t\t\t\t\t<\/div>\n\n\t\t\t\t\t<\/div>\n\t\t<\/div><\/div><\/div><\/div><div class=\"vc_row-full-width vc_clearfix\"><\/div><div data-vc-full-width=\"true\" data-vc-full-width-init=\"false\" class=\"vc_row wpb_row vc_row-fluid vc_custom_1691558508961 vc_row-has-fill wd-bg-center-top wd-rs-64d3226b335b4\"><div class=\"wpb_column vc_column_container vc_col-sm-12 wd-rs-64d1cbd13b406\"><div class=\"vc_column-inner vc_custom_1691470806922\"><div class=\"wpb_wrapper\"><div id=\"11\" class=\"vc_row wpb_row vc_inner vc_row-fluid wd-rs-64d32e93ce0e9\"><div class=\"wpb_column vc_column_container vc_col-sm-12\"><div class=\"vc_column-inner\"><div class=\"wpb_wrapper\">\n\t\t<div id=\"wd-64de613b6c74e\" class=\"title-wrapper wd-wpb set-mb-s reset-last-child  wd-rs-64de613b6c74e wd-title-color-default wd-title-style-default text-left vc_custom_1692295499853 wd-underline-colored\">\n\t\t\t\n\t\t\t<div class=\"liner-continer\">\n\t\t\t\t<h3 class=\"woodmart-title-container title  wd-font-weight-400 wd-fontsize-xxl\" >Intellectual Property, Trademarks &amp; Patents<\/h3>\n\t\t\t\t\t\t\t<\/div>\n\t\t\t\n\t\t\t\n\t\t\t\n\t\t<\/div>\n\t\t\n\t\t<\/div><\/div><\/div><\/div><div class=\"vc_empty_space\"   style=\"height: 30px\"><span class=\"vc_empty_space_inner\"><\/span><\/div><div class=\"vc_row wpb_row vc_inner vc_row-fluid vc_custom_1691557229930 vc_column-gap-30 vc_row-o-content-middle vc_row-flex row-reverse-mobile wd-rs-64d31d6a2f7a8\"><div class=\"wpb_column vc_column_container vc_col-sm-6 wd-rs-64d1dcec80e63\"><div class=\"vc_column-inner vc_custom_1691475184292\"><div class=\"wpb_wrapper\">\n\t\t<div id=\"wd-64d32ec4f1f81\" class=\"title-wrapper wd-wpb set-mb-s reset-last-child  wd-rs-64d32ec4f1f81 wd-title-color-default wd-title-style-default text-left vc_custom_1691561675747 wd-underline-colored\">\n\t\t\t\n\t\t\t<div class=\"liner-continer\">\n\t\t\t\t<h3 class=\"woodmart-title-container title  wd-font-weight-400 wd-fontsize-l\" >We advise our clients on copyright (works and software), industrial property (trademarks, logos, slogans, patents, industrial designs), industrial and commercial secrets.<\/h3>\n\t\t\t\t\t\t\t<\/div>\n\t\t\t\n\t\t\t\n\t\t\t\n\t\t<\/div>\n\t\t\n\t\t\t\t<div id=\"wd-64d32ecec14f8\" class=\"wd-text-block wd-wpb reset-last-child wd-rs-64d32ecec14f8 text-left wd-font-weight-400\">\n\t\t\t<p>We represent them before the Delegated Superintendence of Consumer Protection (Superintendencia Delegada de Protecci\u00f3n al Consumidor) and other competent authorities. We are legal consultants in advertising and proceedings before self-regulatory agencies, with emphasis on preventive work.<\/p>\n\t\t<\/div>\n\t\t<div class=\"vc_empty_space\"   style=\"height: 20px\"><span class=\"vc_empty_space_inner\"><\/span><\/div><div id=\"wd-64d4c48eb69ee\" class=\"wd-rs-64d4c48eb69ee  wd-button-wrapper text-center inline-element\"><a href=\"\/en\/contactenos\/\" title=\"\" class=\"btn btn-scheme-custom btn-scheme-hover-custom btn-style-default btn-style-semi-round btn-size-default\">Contact<\/a><\/div><\/div><\/div><\/div><div class=\"wpb_column vc_column_container vc_col-sm-6 wd-rs-64d1cb7e9327a\"><div class=\"vc_column-inner vc_custom_1691470723765\"><div class=\"wpb_wrapper\">\t\t<div id=\"gallery_969\" class=\"wd-images-gallery wd-wpb wd-animation-slide-from-right wd-animation-normal wd_delay_200 wd-rs-64dad91939f0c vc_custom_1692064034929\" style=\"--wd-justify-content:center;--wd-align-items:center;\">\n\t\t\t\n\t\t\t<div class=\"wd-grid-g\" style=\"--wd-col-lg:1;--wd-col-md:1;--wd-col-sm:1;--wd-gap-lg:0px;\">\n\t\t\t\t\n\t\t\t\t\t\t\t\t\t\t\t\t\t\t\t<div class=\"wd-gallery-item wd-col\">\n\t\t\t\t\t\t\t\n\t\t\t\t\t\t\t\t<img loading=\"lazy\" decoding=\"async\" width=\"709\" height=\"489\" src=\"https:\/\/www.reyesaa.com\/wp-content\/uploads\/Propiedad-intelectual-marcas-patentes.webp\" class=\"wd-gallery-image image-1\" alt=\"Propiedad intelectual, marcas &amp; patentes\" srcset=\"https:\/\/www.reyesaa.com\/wp-content\/uploads\/Propiedad-intelectual-marcas-patentes.webp 709w, https:\/\/www.reyesaa.com\/wp-content\/uploads\/Propiedad-intelectual-marcas-patentes-300x207.webp 300w, https:\/\/www.reyesaa.com\/wp-content\/uploads\/Propiedad-intelectual-marcas-patentes-150x103.webp 150w\" sizes=\"auto, (max-width: 709px) 100vw, 709px\" \/>\n\t\t\t\t\t\t\t\t\t\t\t\t\t\t<\/div>\n\t\t\t\t\t\t\t\t\t\n\t\t\t\t\t\t\t<\/div>\n\n\t\t\t\t\t<\/div>\n\t\t<\/div><\/div><\/div><\/div><\/div><\/div><\/div><\/div><div class=\"vc_row-full-width vc_clearfix\"><\/div>\n<\/div>","protected":false},"excerpt":{"rendered":"\u00c1reas de Pr\u00e1ctica Derecho Inmobiliario &amp; de Finca Ra\u00edz Brindamos asesor\u00eda en asuntos relacionados con la propiedad ra\u00edz e inmobiliaria,","protected":false},"author":1,"featured_media":0,"parent":0,"menu_order":0,"comment_status":"closed","ping_status":"closed","template":"","meta":{"footnotes":""},"class_list":["post-288","page","type-page","status-publish","hentry"],"_links":{"self":[{"href":"https:\/\/www.reyesaa.com\/en\/wp-json\/wp\/v2\/pages\/288","targetHints":{"allow":["GET"]}}],"collection":[{"href":"https:\/\/www.reyesaa.com\/en\/wp-json\/wp\/v2\/pages"}],"about":[{"href":"https:\/\/www.reyesaa.com\/en\/wp-json\/wp\/v2\/types\/page"}],"author":[{"embeddable":true,"href":"https:\/\/www.reyesaa.com\/en\/wp-json\/wp\/v2\/users\/1"}],"replies":[{"embeddable":true,"href":"https:\/\/www.reyesaa.com\/en\/wp-json\/wp\/v2\/comments?post=288"}],"version-history":[{"count":12,"href":"https:\/\/www.reyesaa.com\/en\/wp-json\/wp\/v2\/pages\/288\/revisions"}],"predecessor-version":[{"id":691,"href":"https:\/\/www.reyesaa.com\/en\/wp-json\/wp\/v2\/pages\/288\/revisions\/691"}],"wp:attachment":[{"href":"https:\/\/www.reyesaa.com\/en\/wp-json\/wp\/v2\/media?parent=288"}],"curies":[{"name":"wp","href":"https:\/\/api.w.org\/{rel}","templated":true}]}}