{"id":274,"date":"2023-08-09T00:36:58","date_gmt":"2023-08-09T05:36:58","guid":{"rendered":"https:\/\/www.reyesaa.com\/?page_id=274"},"modified":"2024-05-21T15:22:51","modified_gmt":"2024-05-21T20:22:51","slug":"servicios-2","status":"publish","type":"page","link":"https:\/\/www.reyesaa.com\/en\/servicios-2\/","title":{"rendered":"Servicios 2"},"content":{"rendered":"<div class=\"wpb-content-wrapper\"><div data-vc-full-width=\"true\" data-vc-full-width-init=\"false\" data-vc-stretch-content=\"true\" class=\"vc_row wpb_row vc_row-fluid vc_custom_1691496431271 vc_row-no-padding wd-rs-64d22feb30c4a\"><div class=\"wpb_column vc_column_container vc_col-sm-12 wd-rs-64d227599e2a1\"><div class=\"vc_column-inner vc_custom_1691494238119\"><div class=\"wpb_wrapper\">\t\t\t<link rel=\"stylesheet\" id=\"wd-image-gallery-css\" href=\"https:\/\/www.reyesaa.com\/wp-content\/themes\/woodmart\/css\/parts\/el-gallery.min.css?ver=7.4.3\" type=\"text\/css\" media=\"all\" \/> \t\t\t\t\t<div id=\"gallery_369\" class=\"wd-images-gallery wd-wpb wd-rs-664cffd44219e vc_custom_1716322352126\" style=\"--wd-justify-content:center;--wd-align-items:center;\">\n\t\t\t\n\t\t\t<div class=\"wd-grid-g\" style=\"--wd-col-lg:1;--wd-col-md:1;--wd-col-sm:1;--wd-gap-lg:0px;\">\n\t\t\t\t\n\t\t\t\t\t\t\t\t\t\t\t\t\t\t\t<div class=\"wd-gallery-item wd-col\">\n\t\t\t\t\t\t\t\n\t\t\t\t\t\t\t\t<img loading=\"lazy\" decoding=\"async\" width=\"2560\" height=\"1084\" src=\"https:\/\/www.reyesaa.com\/wp-content\/uploads\/image00124.jpeg55.jpeg99-scaled.jpeg\" class=\"wd-gallery-image image-1\" alt=\"\" srcset=\"https:\/\/www.reyesaa.com\/wp-content\/uploads\/image00124.jpeg55.jpeg99-scaled.jpeg 2560w, https:\/\/www.reyesaa.com\/wp-content\/uploads\/image00124.jpeg55.jpeg99-300x127.jpeg 300w, https:\/\/www.reyesaa.com\/wp-content\/uploads\/image00124.jpeg55.jpeg99-1024x434.jpeg 1024w, https:\/\/www.reyesaa.com\/wp-content\/uploads\/image00124.jpeg55.jpeg99-150x64.jpeg 150w, https:\/\/www.reyesaa.com\/wp-content\/uploads\/image00124.jpeg55.jpeg99-768x325.jpeg 768w, https:\/\/www.reyesaa.com\/wp-content\/uploads\/image00124.jpeg55.jpeg99-1536x650.jpeg 1536w, https:\/\/www.reyesaa.com\/wp-content\/uploads\/image00124.jpeg55.jpeg99-2048x867.jpeg 2048w, https:\/\/www.reyesaa.com\/wp-content\/uploads\/image00124.jpeg55.jpeg99-18x8.jpeg 18w\" sizes=\"auto, (max-width: 2560px) 100vw, 2560px\" \/>\n\t\t\t\t\t\t\t\t\t\t\t\t\t\t<\/div>\n\t\t\t\t\t\t\t\t\t\n\t\t\t\t\t\t\t<\/div>\n\n\t\t\t\t\t<\/div>\n\t\t<\/div><\/div><\/div><\/div><div class=\"vc_row-full-width vc_clearfix\"><\/div><div data-vc-full-width=\"true\" data-vc-full-width-init=\"false\" data-vc-stretch-content=\"true\" class=\"vc_row wpb_row vc_row-fluid vc_custom_1691496409126 vc_row-no-padding wd-rs-64d22fd4cc925\"><div class=\"wpb_column vc_column_container vc_col-sm-12 wd-rs-64d227599e2a1\"><div class=\"vc_column-inner vc_custom_1691494238119\"><div class=\"wpb_wrapper\">\t\t\t<link rel=\"stylesheet\" id=\"wd-banner-css\" href=\"https:\/\/www.reyesaa.com\/wp-content\/themes\/woodmart\/css\/parts\/wpb-el-banner.min.css?ver=7.4.3\" type=\"text\/css\" media=\"all\" \/> \t\t\t\t\t\t<link rel=\"stylesheet\" id=\"wd-banner-btn-hover-css\" href=\"https:\/\/www.reyesaa.com\/wp-content\/themes\/woodmart\/css\/parts\/el-banner-btn-hover.min.css?ver=7.4.3\" type=\"text\/css\" media=\"all\" \/> \t\t\t\t\t\t<link rel=\"stylesheet\" id=\"wd-mod-highlighted-text-css\" href=\"https:\/\/www.reyesaa.com\/wp-content\/themes\/woodmart\/css\/parts\/mod-highlighted-text.min.css?ver=7.4.3\" type=\"text\/css\" media=\"all\" \/> \t\t\t\t\t<div class=\"promo-banner-wrapper  wd-rs-64de62d8a5331 vc_custom_1692295908089\">\n\t\t\t<div id=\"wd-64de62d8a5331\" class=\"promo-banner  banner- banner-hover-none color-scheme-light banner-btn-size-default banner-btn-style-default  wd-underline-colored\">\n\t\t\t\t<div class=\"main-wrapp-img\">\n\t\t\t\t\t<div class=\"banner-image wd-bg-position-center\" >\n\t\t\t\t\t\t<img loading=\"lazy\" decoding=\"async\" width=\"1920\" height=\"140\" src=\"https:\/\/www.reyesaa.com\/wp-content\/uploads\/cintillo.png\" class=\"attachment-full size-full\" alt=\"cintillo\" \/>\t\t\t\t\t<\/div>\n\t\t\t\t<\/div>\n\n\t\t\t\t<div class=\"wrapper-content-banner wd-fill  wd-items-middle wd-justify-center\">\n\t\t\t\t\t<div class=\"content-banner  text-center\">\n\t\t\t\t\t\t<h1 class=\"banner-title wd-font-weight-400 font-primary wd-fontsize-xxl\">Practice Areas<\/h1>\t\t\t\t\t\t\n\t\t\t\t\t\t\n\t\t\t\t\t\t\t\t\t\t\t<\/div>\n\t\t\t\t<\/div>\n\n\t\t\t\t\n\t\t\t\t\t\t\t<\/div>\n\t\t<\/div>\n\n\t\t<\/div><\/div><\/div><\/div><div class=\"vc_row-full-width vc_clearfix\"><\/div><div id=\"5\" data-vc-full-width=\"true\" data-vc-full-width-init=\"false\" data-vc-stretch-content=\"true\" class=\"vc_row wpb_row vc_row-fluid vc_custom_1691559457965 vc_row-no-padding vc_row-o-equal-height vc_row-o-content-middle vc_row-flex wd-rs-64d3261d29f3d\"><div class=\"wpb_column vc_column_container vc_col-sm-6 wd-rs-64d30b3869e12\"><div class=\"vc_column-inner vc_custom_1691552573325\"><div class=\"wpb_wrapper\">\t\t<div id=\"gallery_307\" class=\"wd-images-gallery wd-wpb wd-rs-664d0063c7477 vc_custom_1716322602010\" style=\"--wd-justify-content:center;--wd-align-items:center;\">\n\t\t\t\n\t\t\t<div class=\"wd-grid-g\" style=\"--wd-col-lg:1;--wd-col-md:1;--wd-col-sm:1;--wd-gap-lg:0px;\">\n\t\t\t\t\n\t\t\t\t\t\t\t\t\t\t\t\t\t\t\t<div class=\"wd-gallery-item wd-col\">\n\t\t\t\t\t\t\t\n\t\t\t\t\t\t\t\t<img loading=\"lazy\" decoding=\"async\" width=\"1412\" height=\"1076\" src=\"https:\/\/www.reyesaa.com\/wp-content\/uploads\/Picsart_24-02-13_15-13-53-767.jpg\" class=\"wd-gallery-image image-1\" alt=\"\" srcset=\"https:\/\/www.reyesaa.com\/wp-content\/uploads\/Picsart_24-02-13_15-13-53-767.jpg 1412w, https:\/\/www.reyesaa.com\/wp-content\/uploads\/Picsart_24-02-13_15-13-53-767-300x229.jpg 300w, https:\/\/www.reyesaa.com\/wp-content\/uploads\/Picsart_24-02-13_15-13-53-767-1024x780.jpg 1024w, https:\/\/www.reyesaa.com\/wp-content\/uploads\/Picsart_24-02-13_15-13-53-767-150x114.jpg 150w, https:\/\/www.reyesaa.com\/wp-content\/uploads\/Picsart_24-02-13_15-13-53-767-768x585.jpg 768w, https:\/\/www.reyesaa.com\/wp-content\/uploads\/Picsart_24-02-13_15-13-53-767-16x12.jpg 16w\" sizes=\"auto, (max-width: 1412px) 100vw, 1412px\" \/>\n\t\t\t\t\t\t\t\t\t\t\t\t\t\t<\/div>\n\t\t\t\t\t\t\t\t\t\n\t\t\t\t\t\t\t<\/div>\n\n\t\t\t\t\t<\/div>\n\t\t<\/div><\/div><\/div><div class=\"wpb_column vc_column_container vc_col-sm-6 vc_col-has-fill wd-bg-center-center wd-rs-64d3278db2ce0\"><div class=\"vc_column-inner vc_custom_1691559826786\"><div class=\"wpb_wrapper\">\t\t\t<link rel=\"stylesheet\" id=\"wd-section-title-css\" href=\"https:\/\/www.reyesaa.com\/wp-content\/themes\/woodmart\/css\/parts\/el-section-title.min.css?ver=7.4.3\" type=\"text\/css\" media=\"all\" \/> \t\t\t\n\t\t<div id=\"wd-64de6265e6b13\" class=\"title-wrapper wd-wpb set-mb-s reset-last-child  wd-rs-64de6265e6b13 wd-title-color-default wd-title-style-default text-left vc_custom_1692295796838 wd-underline-colored\">\n\t\t\t\n\t\t\t<div class=\"liner-continer\">\n\t\t\t\t<h3 class=\"woodmart-title-container title  wd-font-weight-400 wd-fontsize-xxl\" >Private Client<\/h3>\n\t\t\t\t\t\t\t<\/div>\n\t\t\t\n\t\t\t\n\t\t\t\n\t\t<\/div>\n\t\t\n\t\t\t\t\t<link rel=\"stylesheet\" id=\"wd-text-block-css\" href=\"https:\/\/www.reyesaa.com\/wp-content\/themes\/woodmart\/css\/parts\/el-text-block.min.css?ver=7.4.3\" type=\"text\/css\" media=\"all\" \/> \t\t\t\t\t<div id=\"wd-64d32763be57c\" class=\"wd-text-block wd-wpb reset-last-child wd-rs-64d32763be57c text-left wd-font-weight-400\">\n\t\t\t<p>Our firm has extensive experience and international renown in advising on the structuring of generational changes in the management of companies and in general with the formalization of family structures and protocols required to formalize the transfer of assets and the management of private individual or family property in the most efficient way possible.<\/p>\n\t\t<\/div>\n\t\t<div class=\"vc_empty_space\"   style=\"height: 20px\"><span class=\"vc_empty_space_inner\"><\/span><\/div><div id=\"wd-64d4c3dccbf99\" class=\"wd-rs-64d4c3dccbf99  wd-button-wrapper text-center inline-element\"><a href=\"\/en\/contactenos\/\" title=\"\" class=\"btn btn-scheme-custom btn-scheme-hover-custom btn-style-default btn-style-semi-round btn-size-default\">Contact<\/a><\/div><\/div><\/div><\/div><\/div><div class=\"vc_row-full-width vc_clearfix\"><\/div><div data-vc-full-width=\"true\" data-vc-full-width-init=\"false\" class=\"vc_row wpb_row vc_row-fluid vc_custom_1691558524930 vc_row-has-fill wd-bg-center-bottom wd-rs-64d32278030fc\"><div class=\"wpb_column vc_column_container vc_col-sm-12 wd-rs-64d1cbd13b406\"><div class=\"vc_column-inner vc_custom_1691470806922\"><div class=\"wpb_wrapper\"><div id=\"6\" class=\"vc_row wpb_row vc_inner vc_row-fluid wd-rs-64d328a995b4e\"><div class=\"wpb_column vc_column_container vc_col-sm-12\"><div class=\"vc_column-inner\"><div class=\"wpb_wrapper\">\n\t\t<div id=\"wd-64de62c2598f7\" class=\"title-wrapper wd-wpb set-mb-s reset-last-child  wd-rs-64de62c2598f7 wd-title-color-default wd-title-style-default text-left vc_custom_1692295886722 wd-underline-colored\">\n\t\t\t\n\t\t\t<div class=\"liner-continer\">\n\t\t\t\t<h3 class=\"woodmart-title-container title  wd-font-weight-400 wd-fontsize-xxl\" >Corporate, Commercial &amp; Civil Law<\/h3>\n\t\t\t\t\t\t\t<\/div>\n\t\t\t\n\t\t\t\n\t\t\t\n\t\t<\/div>\n\t\t\n\t\t<\/div><\/div><\/div><\/div><div class=\"vc_empty_space\"   style=\"height: 30px\"><span class=\"vc_empty_space_inner\"><\/span><\/div><div class=\"vc_row wpb_row vc_inner vc_row-fluid vc_custom_1691557229930 vc_column-gap-30 vc_row-o-content-middle vc_row-flex row-reverse-mobile wd-rs-64d31d6a2f7a8\"><div class=\"wpb_column vc_column_container vc_col-sm-6 wd-rs-64d1dcec80e63\"><div class=\"vc_column-inner vc_custom_1691475184292\"><div class=\"wpb_wrapper\">\t\t<div id=\"wd-64d328d621c1f\" class=\"wd-text-block wd-wpb reset-last-child wd-rs-64d328d621c1f text-left wd-font-weight-400\">\n\t\t\t<p>We are able to represent foreign investors before the different Colombian control entities, as well as in the meetings of the Shareholders' Assemblies or Partners' Meetings. On the other hand, we provide the necessary support for the proper registration of the Shareholders' and Minute Books, as well as the legal support for the filing of the corresponding minutes.<\/p>\n<p>Our team has implemented complex processes related to the restructuring of our clients' operations and the implementation of international transactions, including, among others, the incorporation of companies and branches of foreign companies in Colombia and abroad, the merger and spin-off of companies, the capitalization of companies and formalization of in-kind contributions, the transformation of companies, the liquidation and reconstitution of legal entities and the incorporation and regulation of trusts.<\/p>\n\t\t<\/div>\n\t\t<\/div><\/div><\/div>\t\t\t<link rel=\"stylesheet\" id=\"wd-animations-css\" href=\"https:\/\/www.reyesaa.com\/wp-content\/themes\/woodmart\/css\/parts\/mod-animations-transform.min.css?ver=7.4.3\" type=\"text\/css\" media=\"all\" \/> \t\t\t<div class=\"wpb_column vc_column_container vc_col-sm-6 wd-rs-64d1cb7e9327a\"><div class=\"vc_column-inner vc_custom_1691470723765\"><div class=\"wpb_wrapper\">\t\t<div id=\"gallery_289\" class=\"wd-images-gallery wd-wpb wd-animation-slide-from-right wd-animation-normal wd_delay_200 wd-rs-64dad8572dc3e vc_custom_1692063841211\" style=\"--wd-justify-content:center;--wd-align-items:center;\">\n\t\t\t\n\t\t\t<div class=\"wd-grid-g\" style=\"--wd-col-lg:1;--wd-col-md:1;--wd-col-sm:1;--wd-gap-lg:0px;\">\n\t\t\t\t\n\t\t\t\t\t\t\t\t\t\t\t\t\t\t\t<div class=\"wd-gallery-item wd-col\">\n\t\t\t\t\t\t\t\n\t\t\t\t\t\t\t\t<img loading=\"lazy\" decoding=\"async\" width=\"709\" height=\"473\" src=\"https:\/\/www.reyesaa.com\/wp-content\/uploads\/Derecho-corporativo-comercial-civil.webp\" class=\"wd-gallery-image image-1\" alt=\"Derecho corporativo, comercial &amp; civil\" srcset=\"https:\/\/www.reyesaa.com\/wp-content\/uploads\/Derecho-corporativo-comercial-civil.webp 709w, https:\/\/www.reyesaa.com\/wp-content\/uploads\/Derecho-corporativo-comercial-civil-300x200.webp 300w, https:\/\/www.reyesaa.com\/wp-content\/uploads\/Derecho-corporativo-comercial-civil-150x100.webp 150w\" sizes=\"auto, (max-width: 709px) 100vw, 709px\" \/>\n\t\t\t\t\t\t\t\t\t\t\t\t\t\t<\/div>\n\t\t\t\t\t\t\t\t\t\n\t\t\t\t\t\t\t<\/div>\n\n\t\t\t\t\t<\/div>\n\t\t<\/div><\/div><\/div><\/div><div class=\"vc_empty_space\"   style=\"height: 30px\"><span class=\"vc_empty_space_inner\"><\/span><\/div><div class=\"vc_row wpb_row vc_inner vc_row-fluid vc_custom_1691495085085 vc_column-gap-30 vc_row-o-content-middle vc_row-flex wd-rs-64d22aa8e82e4\"><div class=\"wpb_column vc_column_container vc_col-sm-6 wd-rs-64d1dcec80e63\"><div class=\"vc_column-inner vc_custom_1691475184292\"><div class=\"wpb_wrapper\">\t\t<div id=\"gallery_264\" class=\"wd-images-gallery wd-wpb wd-animation-slide-from-left wd-animation-normal wd_delay_200 wd-rs-664d016b1cd09 vc_custom_1716322806056\" style=\"--wd-justify-content:center;--wd-align-items:center;\">\n\t\t\t\n\t\t\t<div class=\"wd-grid-g\" style=\"--wd-col-lg:1;--wd-col-md:1;--wd-col-sm:1;--wd-gap-lg:0px;\">\n\t\t\t\t\n\t\t\t\t\t\t\t\t\t\t\t\t\t\t\t<div class=\"wd-gallery-item wd-col\">\n\t\t\t\t\t\t\t\n\t\t\t\t\t\t\t\t<img loading=\"lazy\" decoding=\"async\" width=\"1080\" height=\"1080\" src=\"https:\/\/www.reyesaa.com\/wp-content\/uploads\/1.png10.png\" class=\"wd-gallery-image image-1\" alt=\"\" srcset=\"https:\/\/www.reyesaa.com\/wp-content\/uploads\/1.png10.png 1080w, https:\/\/www.reyesaa.com\/wp-content\/uploads\/1.png10-300x300.png 300w, https:\/\/www.reyesaa.com\/wp-content\/uploads\/1.png10-1024x1024.png 1024w, https:\/\/www.reyesaa.com\/wp-content\/uploads\/1.png10-150x150.png 150w, https:\/\/www.reyesaa.com\/wp-content\/uploads\/1.png10-768x768.png 768w, https:\/\/www.reyesaa.com\/wp-content\/uploads\/1.png10-12x12.png 12w\" sizes=\"auto, (max-width: 1080px) 100vw, 1080px\" \/>\n\t\t\t\t\t\t\t\t\t\t\t\t\t\t<\/div>\n\t\t\t\t\t\t\t\t\t\n\t\t\t\t\t\t\t<\/div>\n\n\t\t\t\t\t<\/div>\n\t\t<\/div><\/div><\/div><div class=\"wpb_column vc_column_container vc_col-sm-6 wd-rs-64d1cb7e9327a\"><div class=\"vc_column-inner vc_custom_1691470723765\"><div class=\"wpb_wrapper\">\t\t<div id=\"wd-64d3290190781\" class=\"wd-text-block wd-wpb reset-last-child wd-rs-64d3290190781 text-left wd-font-weight-400\">\n\t\t\t<p>We have assisted our clients in the structuring, review, preparation, negotiation and implementation of all types of civil and commercial contracts, always seeking to prevent litigation between the parties and facilitate the achievement of our clients' business objectives.<\/p>\n<p>We have lawyers with experience in civil law, title studies, analysis of real estate contingencies, structuring, negotiation and formalization of civil and commercial real estate contracts.<\/p>\n\t\t<\/div>\n\t\t<div class=\"vc_empty_space\"   style=\"height: 20px\"><span class=\"vc_empty_space_inner\"><\/span><\/div><div id=\"wd-64d4c3f213033\" class=\"wd-rs-64d4c3f213033  wd-button-wrapper text-center inline-element\"><a href=\"\/en\/contactenos\/\" title=\"\" class=\"btn btn-scheme-custom btn-scheme-hover-custom btn-style-default btn-style-semi-round btn-size-default\">Contact<\/a><\/div><\/div><\/div><\/div><\/div><\/div><\/div><\/div><\/div><div class=\"vc_row-full-width vc_clearfix\"><\/div><div id=\"7\" data-vc-full-width=\"true\" data-vc-full-width-init=\"false\" data-vc-stretch-content=\"true\" class=\"vc_row wpb_row vc_row-fluid vc_custom_1691560334722 vc_row-no-padding vc_row-o-equal-height vc_row-o-content-middle vc_row-flex wd-rs-64d3298b3d86f\"><div class=\"wpb_column vc_column_container vc_col-sm-6 vc_col-has-fill wd-bg-center-center wd-rs-64d30386207c8\"><div class=\"vc_column-inner vc_custom_1691550605478\"><div class=\"wpb_wrapper\">\n\t\t<div id=\"wd-64de62a2955a0\" class=\"title-wrapper wd-wpb set-mb-s reset-last-child  wd-rs-64de62a2955a0 wd-title-color-default wd-title-style-default text-left vc_custom_1692295860279 wd-underline-colored\">\n\t\t\t\n\t\t\t<div class=\"liner-continer\">\n\t\t\t\t<h4 class=\"woodmart-title-container title  wd-font-weight-400 wd-fontsize-xxl\" >Labor And Immigration Law<\/h4>\n\t\t\t\t\t\t\t<\/div>\n\t\t\t\n\t\t\t\n\t\t\t\n\t\t<\/div>\n\t\t\n\t\t<div class=\"vc_empty_space\"   style=\"height: 20px\"><span class=\"vc_empty_space_inner\"><\/span><\/div>\n\t\t<div id=\"wd-64d329d859500\" class=\"title-wrapper wd-wpb set-mb-s reset-last-child  wd-rs-64d329d859500 wd-title-color-default wd-title-style-default text-left vc_custom_1691560410779 wd-underline-colored\">\n\t\t\t\n\t\t\t<div class=\"liner-continer\">\n\t\t\t\t<h3 class=\"woodmart-title-container title  wd-font-weight-400 wd-fontsize-l\" >We provide consulting services for full compliance with the labor obligations in force in Colombia.<\/h3>\n\t\t\t\t\t\t\t<\/div>\n\t\t\t\n\t\t\t\n\t\t\t\n\t\t<\/div>\n\t\t\n\t\t\t\t<div id=\"wd-64d329de49c9a\" class=\"wd-text-block wd-wpb reset-last-child wd-rs-64d329de49c9a text-left wd-font-weight-400\">\n\t\t\t<p>The cost of the fringe benefits burden in Colombia is relatively high. This implicit factor is part of the evaluation of any project and should be a matter of planning as another parameter of tax costs.<\/p>\n<p>Likewise, the Firm has professionals with experience in the judicial and extrajudicial representation of public and private companies, in defense of the client's interests.<\/p>\n\t\t<\/div>\n\t\t<div class=\"vc_empty_space\"   style=\"height: 20px\"><span class=\"vc_empty_space_inner\"><\/span><\/div><div id=\"wd-64d4c4016ea28\" class=\"wd-rs-64d4c4016ea28  wd-button-wrapper text-center inline-element\"><a href=\"\/en\/contactenos\/\" title=\"\" class=\"btn btn-scheme-custom btn-scheme-hover-custom btn-style-default btn-style-semi-round btn-size-default\">Contact<\/a><\/div><\/div><\/div><\/div><div class=\"wpb_column vc_column_container vc_col-sm-6 wd-rs-64d2284088f7f\"><div class=\"vc_column-inner vc_custom_1691494470440\"><div class=\"wpb_wrapper\">\t\t<div id=\"gallery_508\" class=\"wd-images-gallery wd-wpb wd-rs-664d022902405 vc_custom_1716322909239\" style=\"--wd-justify-content:center;--wd-align-items:center;\">\n\t\t\t\n\t\t\t<div class=\"wd-grid-g\" style=\"--wd-col-lg:1;--wd-col-md:1;--wd-col-sm:1;--wd-gap-lg:0px;\">\n\t\t\t\t\n\t\t\t\t\t\t\t\t\t\t\t\t\t\t\t<div class=\"wd-gallery-item wd-col\">\n\t\t\t\t\t\t\t\n\t\t\t\t\t\t\t\t<img loading=\"lazy\" decoding=\"async\" width=\"1200\" height=\"1600\" src=\"https:\/\/www.reyesaa.com\/wp-content\/uploads\/Picsart_24-02-13_15-21-58-504-1.jpg\" class=\"wd-gallery-image image-1\" alt=\"\" srcset=\"https:\/\/www.reyesaa.com\/wp-content\/uploads\/Picsart_24-02-13_15-21-58-504-1.jpg 1200w, https:\/\/www.reyesaa.com\/wp-content\/uploads\/Picsart_24-02-13_15-21-58-504-1-225x300.jpg 225w, https:\/\/www.reyesaa.com\/wp-content\/uploads\/Picsart_24-02-13_15-21-58-504-1-768x1024.jpg 768w, https:\/\/www.reyesaa.com\/wp-content\/uploads\/Picsart_24-02-13_15-21-58-504-1-113x150.jpg 113w, https:\/\/www.reyesaa.com\/wp-content\/uploads\/Picsart_24-02-13_15-21-58-504-1-1152x1536.jpg 1152w, https:\/\/www.reyesaa.com\/wp-content\/uploads\/Picsart_24-02-13_15-21-58-504-1-9x12.jpg 9w\" sizes=\"auto, (max-width: 1200px) 100vw, 1200px\" \/>\n\t\t\t\t\t\t\t\t\t\t\t\t\t\t<\/div>\n\t\t\t\t\t\t\t\t\t\n\t\t\t\t\t\t\t<\/div>\n\n\t\t\t\t\t<\/div>\n\t\t<\/div><\/div><\/div><\/div><div class=\"vc_row-full-width vc_clearfix\"><\/div><div data-vc-full-width=\"true\" data-vc-full-width-init=\"false\" class=\"vc_row wpb_row vc_row-fluid vc_custom_1691558508961 vc_row-has-fill wd-bg-center-top wd-rs-64d3226b335b4\"><div class=\"wpb_column vc_column_container vc_col-sm-12 wd-rs-64d1cbd13b406\"><div class=\"vc_column-inner vc_custom_1691470806922\"><div class=\"wpb_wrapper\"><div id=\"8\" class=\"vc_row wpb_row vc_inner vc_row-fluid wd-rs-64d32a1b18e5b\"><div class=\"wpb_column vc_column_container vc_col-sm-12\"><div class=\"vc_column-inner\"><div class=\"wpb_wrapper\">\n\t\t<div id=\"wd-64de628f3a7fb\" class=\"title-wrapper wd-wpb set-mb-s reset-last-child  wd-rs-64de628f3a7fb wd-title-color-default wd-title-style-default text-left vc_custom_1692295830303 wd-underline-colored\">\n\t\t\t\n\t\t\t<div class=\"liner-continer\">\n\t\t\t\t<h3 class=\"woodmart-title-container title  wd-font-weight-400 wd-fontsize-xxl\" >Mergers &amp; Acquisitions<\/h3>\n\t\t\t\t\t\t\t<\/div>\n\t\t\t\n\t\t\t\n\t\t\t\n\t\t<\/div>\n\t\t\n\t\t<\/div><\/div><\/div><\/div><div class=\"vc_empty_space\"   style=\"height: 30px\"><span class=\"vc_empty_space_inner\"><\/span><\/div><div class=\"vc_row wpb_row vc_inner vc_row-fluid vc_custom_1691557229930 vc_column-gap-30 vc_row-o-content-middle vc_row-flex row-reverse-mobile wd-rs-64d31d6a2f7a8\"><div class=\"wpb_column vc_column_container vc_col-sm-6 wd-rs-64d1dcec80e63\"><div class=\"vc_column-inner vc_custom_1691475184292\"><div class=\"wpb_wrapper\">\t\t<div id=\"gallery_697\" class=\"wd-images-gallery wd-wpb wd-animation-slide-from-left wd-animation-normal wd_delay_200 wd-rs-64dad86ed0e14 vc_custom_1692063864304\" style=\"--wd-justify-content:center;--wd-align-items:center;\">\n\t\t\t\n\t\t\t<div class=\"wd-grid-g\" style=\"--wd-col-lg:1;--wd-col-md:1;--wd-col-sm:1;--wd-gap-lg:0px;\">\n\t\t\t\t\n\t\t\t\t\t\t\t\t\t\t\t\t\t\t\t<div class=\"wd-gallery-item wd-col\">\n\t\t\t\t\t\t\t\n\t\t\t\t\t\t\t\t<img loading=\"lazy\" decoding=\"async\" width=\"709\" height=\"473\" src=\"https:\/\/www.reyesaa.com\/wp-content\/uploads\/Fusiones-adquisiciones.webp\" class=\"wd-gallery-image image-1\" alt=\"\" srcset=\"https:\/\/www.reyesaa.com\/wp-content\/uploads\/Fusiones-adquisiciones.webp 709w, https:\/\/www.reyesaa.com\/wp-content\/uploads\/Fusiones-adquisiciones-300x200.webp 300w, https:\/\/www.reyesaa.com\/wp-content\/uploads\/Fusiones-adquisiciones-150x100.webp 150w\" sizes=\"auto, (max-width: 709px) 100vw, 709px\" \/>\n\t\t\t\t\t\t\t\t\t\t\t\t\t\t<\/div>\n\t\t\t\t\t\t\t\t\t\n\t\t\t\t\t\t\t<\/div>\n\n\t\t\t\t\t<\/div>\n\t\t<\/div><\/div><\/div><div class=\"wpb_column vc_column_container vc_col-sm-6 wd-rs-64d1cb7e9327a\"><div class=\"vc_column-inner vc_custom_1691470723765\"><div class=\"wpb_wrapper\">\n\t\t<div id=\"wd-64d32a4b668b8\" class=\"title-wrapper wd-wpb set-mb-s reset-last-child  wd-rs-64d32a4b668b8 wd-title-color-default wd-title-style-default text-left vc_custom_1691560538893 wd-underline-colored\">\n\t\t\t\n\t\t\t<div class=\"liner-continer\">\n\t\t\t\t<h3 class=\"woodmart-title-container title  wd-font-weight-400 wd-fontsize-l\" >Experience in the structuring of national and international mergers and acquisitions.<\/h3>\n\t\t\t\t\t\t\t<\/div>\n\t\t\t\n\t\t\t\n\t\t\t\n\t\t<\/div>\n\t\t\n\t\t\t\t<div id=\"wd-64d32a5e22f8d\" class=\"wd-text-block wd-wpb reset-last-child wd-rs-64d32a5e22f8d text-left wd-font-weight-400\">\n\t\t\t<p>We do so through the preparation of corporate documentation and the relevant representation and advice before the Superintendence of Corporations and other competent authorities.<\/p>\n<p>We also provide legal advice on pre-transaction matters and carry out due diligence processes, legal and economic analysis of the transaction, information gathering and organization of data rooms. Additionally, we handle the necessary procedures to successfully conclude the formalization of the operations.<\/p>\n\t\t<\/div>\n\t\t<div class=\"vc_empty_space\"   style=\"height: 20px\"><span class=\"vc_empty_space_inner\"><\/span><\/div><div id=\"wd-64d4c40f0b813\" class=\"wd-rs-64d4c40f0b813  wd-button-wrapper text-center inline-element\"><a href=\"\/en\/contactenos\/\" title=\"\" class=\"btn btn-scheme-custom btn-scheme-hover-custom btn-style-default btn-style-semi-round btn-size-default\">Contact<\/a><\/div><\/div><\/div><\/div><\/div><\/div><\/div><\/div><\/div><div class=\"vc_row-full-width vc_clearfix\"><\/div>\n<\/div>","protected":false},"excerpt":{"rendered":"\u00c1reas de Pr\u00e1ctica Gesti\u00f3n de Patrimonio de Clientes Privados Nuestra firma cuenta con una extensa experiencia y con renombre internacional","protected":false},"author":1,"featured_media":0,"parent":0,"menu_order":0,"comment_status":"closed","ping_status":"closed","template":"","meta":{"footnotes":""},"class_list":["post-274","page","type-page","status-publish","hentry"],"_links":{"self":[{"href":"https:\/\/www.reyesaa.com\/en\/wp-json\/wp\/v2\/pages\/274","targetHints":{"allow":["GET"]}}],"collection":[{"href":"https:\/\/www.reyesaa.com\/en\/wp-json\/wp\/v2\/pages"}],"about":[{"href":"https:\/\/www.reyesaa.com\/en\/wp-json\/wp\/v2\/types\/page"}],"author":[{"embeddable":true,"href":"https:\/\/www.reyesaa.com\/en\/wp-json\/wp\/v2\/users\/1"}],"replies":[{"embeddable":true,"href":"https:\/\/www.reyesaa.com\/en\/wp-json\/wp\/v2\/comments?post=274"}],"version-history":[{"count":17,"href":"https:\/\/www.reyesaa.com\/en\/wp-json\/wp\/v2\/pages\/274\/revisions"}],"predecessor-version":[{"id":687,"href":"https:\/\/www.reyesaa.com\/en\/wp-json\/wp\/v2\/pages\/274\/revisions\/687"}],"wp:attachment":[{"href":"https:\/\/www.reyesaa.com\/en\/wp-json\/wp\/v2\/media?parent=274"}],"curies":[{"name":"wp","href":"https:\/\/api.w.org\/{rel}","templated":true}]}}