{"id":243,"date":"2023-08-08T23:39:59","date_gmt":"2023-08-09T04:39:59","guid":{"rendered":"https:\/\/www.reyesaa.com\/?page_id=243"},"modified":"2024-05-21T15:26:15","modified_gmt":"2024-05-21T20:26:15","slug":"servicios-1","status":"publish","type":"page","link":"https:\/\/www.reyesaa.com\/en\/servicios-1\/","title":{"rendered":"Servicios 1"},"content":{"rendered":"<div class=\"wpb-content-wrapper\"><div data-vc-full-width=\"true\" data-vc-full-width-init=\"false\" data-vc-stretch-content=\"true\" class=\"vc_row wpb_row vc_row-fluid vc_custom_1691496431271 vc_row-no-padding wd-rs-64d22feb30c4a\"><div class=\"wpb_column vc_column_container vc_col-sm-12 wd-rs-64d227599e2a1\"><div class=\"vc_column-inner vc_custom_1691494238119\"><div class=\"wpb_wrapper\">\t\t\t<link rel=\"stylesheet\" id=\"wd-image-gallery-css\" href=\"https:\/\/www.reyesaa.com\/wp-content\/themes\/woodmart\/css\/parts\/el-gallery.min.css?ver=7.4.3\" type=\"text\/css\" media=\"all\" \/> \t\t\t\t\t<div id=\"gallery_885\" class=\"wd-images-gallery wd-wpb wd-rs-664d0354425ee vc_custom_1716323122474\" style=\"--wd-justify-content:center;--wd-align-items:center;\">\n\t\t\t\n\t\t\t<div class=\"wd-grid-g\" style=\"--wd-col-lg:1;--wd-col-md:1;--wd-col-sm:1;--wd-gap-lg:0px;\">\n\t\t\t\t\n\t\t\t\t\t\t\t\t\t\t\t\t\t\t\t<div class=\"wd-gallery-item wd-col\">\n\t\t\t\t\t\t\t\n\t\t\t\t\t\t\t\t<img loading=\"lazy\" decoding=\"async\" width=\"2560\" height=\"1084\" src=\"https:\/\/www.reyesaa.com\/wp-content\/uploads\/image00124.jpeg55.jpeg99-scaled.jpeg\" class=\"wd-gallery-image image-1\" alt=\"\" srcset=\"https:\/\/www.reyesaa.com\/wp-content\/uploads\/image00124.jpeg55.jpeg99-scaled.jpeg 2560w, https:\/\/www.reyesaa.com\/wp-content\/uploads\/image00124.jpeg55.jpeg99-300x127.jpeg 300w, https:\/\/www.reyesaa.com\/wp-content\/uploads\/image00124.jpeg55.jpeg99-1024x434.jpeg 1024w, https:\/\/www.reyesaa.com\/wp-content\/uploads\/image00124.jpeg55.jpeg99-150x64.jpeg 150w, https:\/\/www.reyesaa.com\/wp-content\/uploads\/image00124.jpeg55.jpeg99-768x325.jpeg 768w, https:\/\/www.reyesaa.com\/wp-content\/uploads\/image00124.jpeg55.jpeg99-1536x650.jpeg 1536w, https:\/\/www.reyesaa.com\/wp-content\/uploads\/image00124.jpeg55.jpeg99-2048x867.jpeg 2048w, https:\/\/www.reyesaa.com\/wp-content\/uploads\/image00124.jpeg55.jpeg99-18x8.jpeg 18w\" sizes=\"auto, (max-width: 2560px) 100vw, 2560px\" \/>\n\t\t\t\t\t\t\t\t\t\t\t\t\t\t<\/div>\n\t\t\t\t\t\t\t\t\t\n\t\t\t\t\t\t\t<\/div>\n\n\t\t\t\t\t<\/div>\n\t\t<\/div><\/div><\/div><\/div><div class=\"vc_row-full-width vc_clearfix\"><\/div><div data-vc-full-width=\"true\" data-vc-full-width-init=\"false\" data-vc-stretch-content=\"true\" class=\"vc_row wpb_row vc_row-fluid vc_custom_1691496409126 vc_row-no-padding wd-rs-64d22fd4cc925\"><div class=\"wpb_column vc_column_container vc_col-sm-12 wd-rs-64d227599e2a1\"><div class=\"vc_column-inner vc_custom_1691494238119\"><div class=\"wpb_wrapper\">\t\t\t<link rel=\"stylesheet\" id=\"wd-banner-css\" href=\"https:\/\/www.reyesaa.com\/wp-content\/themes\/woodmart\/css\/parts\/wpb-el-banner.min.css?ver=7.4.3\" type=\"text\/css\" media=\"all\" \/> \t\t\t\t\t\t<link rel=\"stylesheet\" id=\"wd-banner-btn-hover-css\" href=\"https:\/\/www.reyesaa.com\/wp-content\/themes\/woodmart\/css\/parts\/el-banner-btn-hover.min.css?ver=7.4.3\" type=\"text\/css\" media=\"all\" \/> \t\t\t\t\t\t<link rel=\"stylesheet\" id=\"wd-mod-highlighted-text-css\" href=\"https:\/\/www.reyesaa.com\/wp-content\/themes\/woodmart\/css\/parts\/mod-highlighted-text.min.css?ver=7.4.3\" type=\"text\/css\" media=\"all\" \/> \t\t\t\t\t<div class=\"promo-banner-wrapper  wd-rs-64de4dda51654 vc_custom_1692290539175\">\n\t\t\t<div id=\"wd-64de4dda51654\" class=\"promo-banner  banner- banner-hover-none color-scheme-light banner-btn-size-default banner-btn-style-default  wd-underline-colored\">\n\t\t\t\t<div class=\"main-wrapp-img\">\n\t\t\t\t\t<div class=\"banner-image wd-bg-position-center\" >\n\t\t\t\t\t\t<img loading=\"lazy\" decoding=\"async\" width=\"1920\" height=\"140\" src=\"https:\/\/www.reyesaa.com\/wp-content\/uploads\/cintillo.png\" class=\"attachment-full size-full\" alt=\"cintillo\" \/>\t\t\t\t\t<\/div>\n\t\t\t\t<\/div>\n\n\t\t\t\t<div class=\"wrapper-content-banner wd-fill  wd-items-middle wd-justify-center\">\n\t\t\t\t\t<div class=\"content-banner  text-center\">\n\t\t\t\t\t\t<h1 class=\"banner-title wd-font-weight-400 font-primary wd-fontsize-xxl\">Practice Areas<\/h1>\t\t\t\t\t\t\n\t\t\t\t\t\t\n\t\t\t\t\t\t\t\t\t\t\t<\/div>\n\t\t\t\t<\/div>\n\n\t\t\t\t\n\t\t\t\t\t\t\t<\/div>\n\t\t<\/div>\n\n\t\t<\/div><\/div><\/div><\/div><div class=\"vc_row-full-width vc_clearfix\"><\/div><div data-vc-full-width=\"true\" data-vc-full-width-init=\"false\" class=\"vc_row wpb_row vc_row-fluid vc_custom_1691558524930 vc_row-has-fill wd-bg-center-bottom wd-rs-64d32278030fc\"><div class=\"wpb_column vc_column_container vc_col-sm-12 wd-rs-64d1cbd13b406\"><div class=\"vc_column-inner vc_custom_1691470806922\"><div class=\"wpb_wrapper\"><div id=\"1\" class=\"vc_row wpb_row vc_inner vc_row-fluid wd-rs-64d31b6d20daa\"><div class=\"wpb_column vc_column_container vc_col-sm-12\"><div class=\"vc_column-inner\"><div class=\"wpb_wrapper\">\t\t\t<link rel=\"stylesheet\" id=\"wd-section-title-css\" href=\"https:\/\/www.reyesaa.com\/wp-content\/themes\/woodmart\/css\/parts\/el-section-title.min.css?ver=7.4.3\" type=\"text\/css\" media=\"all\" \/> \t\t\t\n\t\t<div id=\"wd-64de48a68981c\" class=\"title-wrapper wd-wpb set-mb-s reset-last-child  wd-rs-64de48a68981c wd-title-color-default wd-title-style-default text-left vc_custom_1692289207761 wd-underline-colored\">\n\t\t\t\n\t\t\t<div class=\"liner-continer\">\n\t\t\t\t<h3 class=\"woodmart-title-container title  wd-font-weight-400 wd-fontsize-xxl\" >Tax Law &amp; International Tax Planning<\/h3>\n\t\t\t\t\t\t\t<\/div>\n\t\t\t\n\t\t\t\n\t\t\t\n\t\t<\/div>\n\t\t\n\t\t<\/div><\/div><\/div><\/div><div class=\"vc_empty_space\"   style=\"height: 30px\"><span class=\"vc_empty_space_inner\"><\/span><\/div><div class=\"vc_row wpb_row vc_inner vc_row-fluid vc_custom_1691495085085 vc_column-gap-30 vc_row-o-content-middle vc_row-flex wd-rs-64d22aa8e82e4\">\t\t\t<link rel=\"stylesheet\" id=\"wd-animations-css\" href=\"https:\/\/www.reyesaa.com\/wp-content\/themes\/woodmart\/css\/parts\/mod-animations-transform.min.css?ver=7.4.3\" type=\"text\/css\" media=\"all\" \/> \t\t\t<div class=\"wpb_column vc_column_container vc_col-sm-6 wd-rs-64d1dcec80e63\"><div class=\"vc_column-inner vc_custom_1691475184292\"><div class=\"wpb_wrapper\">\t\t<div id=\"gallery_878\" class=\"wd-images-gallery wd-wpb wd-animation-slide-from-left wd-animation-normal wd_delay_200 wd-rs-65ccfc4fdc174 vc_custom_1707932466437\" style=\"--wd-justify-content:center;--wd-align-items:center;\">\n\t\t\t\n\t\t\t<div class=\"wd-grid-g\" style=\"--wd-col-lg:1;--wd-col-md:1;--wd-col-sm:1;--wd-gap-lg:0px;\">\n\t\t\t\t\n\t\t\t\t\t\t\t\t\t\t\t\t\t\t\t<div class=\"wd-gallery-item wd-col\">\n\t\t\t\t\t\t\t\n\t\t\t\t\t\t\t\t<img loading=\"lazy\" decoding=\"async\" width=\"2025\" height=\"2025\" src=\"https:\/\/www.reyesaa.com\/wp-content\/uploads\/Neutral-Minimal-Simple-Elegant-Quote-Instagram-Post-3.png\" class=\"wd-gallery-image image-1\" alt=\"\" srcset=\"https:\/\/www.reyesaa.com\/wp-content\/uploads\/Neutral-Minimal-Simple-Elegant-Quote-Instagram-Post-3.png 2025w, https:\/\/www.reyesaa.com\/wp-content\/uploads\/Neutral-Minimal-Simple-Elegant-Quote-Instagram-Post-3-300x300.png 300w, https:\/\/www.reyesaa.com\/wp-content\/uploads\/Neutral-Minimal-Simple-Elegant-Quote-Instagram-Post-3-1024x1024.png 1024w, https:\/\/www.reyesaa.com\/wp-content\/uploads\/Neutral-Minimal-Simple-Elegant-Quote-Instagram-Post-3-150x150.png 150w, https:\/\/www.reyesaa.com\/wp-content\/uploads\/Neutral-Minimal-Simple-Elegant-Quote-Instagram-Post-3-768x768.png 768w, https:\/\/www.reyesaa.com\/wp-content\/uploads\/Neutral-Minimal-Simple-Elegant-Quote-Instagram-Post-3-1536x1536.png 1536w, https:\/\/www.reyesaa.com\/wp-content\/uploads\/Neutral-Minimal-Simple-Elegant-Quote-Instagram-Post-3-12x12.png 12w\" sizes=\"auto, (max-width: 2025px) 100vw, 2025px\" \/>\n\t\t\t\t\t\t\t\t\t\t\t\t\t\t<\/div>\n\t\t\t\t\t\t\t\t\t\n\t\t\t\t\t\t\t<\/div>\n\n\t\t\t\t\t<\/div>\n\t\t<\/div><\/div><\/div><div class=\"wpb_column vc_column_container vc_col-sm-6 wd-rs-64d1cb7e9327a\"><div class=\"vc_column-inner vc_custom_1691470723765\"><div class=\"wpb_wrapper\">\n\t\t<div id=\"wd-64d31cacbe447\" class=\"title-wrapper wd-wpb set-mb-s reset-last-child  wd-rs-64d31cacbe447 wd-title-color-default wd-title-style-default text-left vc_custom_1691557040496 wd-underline-colored\">\n\t\t\t\n\t\t\t<div class=\"liner-continer\">\n\t\t\t\t<h3 class=\"woodmart-title-container title  wd-font-weight-400 wd-fontsize-l\" >We structure legally viable projects that reduce or mitigate the tax impact and optimize company management.<\/h3>\n\t\t\t\t\t\t\t<\/div>\n\t\t\t\n\t\t\t\n\t\t\t\n\t\t<\/div>\n\t\t\n\t\t\t\t\t<link rel=\"stylesheet\" id=\"wd-text-block-css\" href=\"https:\/\/www.reyesaa.com\/wp-content\/themes\/woodmart\/css\/parts\/el-text-block.min.css?ver=7.4.3\" type=\"text\/css\" media=\"all\" \/> \t\t\t\t\t<div id=\"wd-64d31bc501c58\" class=\"wd-text-block wd-wpb reset-last-child wd-rs-64d31bc501c58 text-left wd-font-weight-400\">\n\t\t\t<p>We advise our clients to evaluate the tax costs derived from the tax, customs and exchange obligations that they must comply with in the development of the projects they carry out in Latin America and Colombia, and to evaluate the risks related to the measures they implement. The positioning of the firm in Latin America allows us to have a network of first-class specialized correspondents in tax matters, and to offer the most complete and reliable consultancy in international tax law.<\/p>\n\t\t<\/div>\n\t\t<div class=\"vc_empty_space\"   style=\"height: 20px\"><span class=\"vc_empty_space_inner\"><\/span><\/div><div id=\"wd-64d4c3452c2a3\" class=\"wd-rs-64d4c3452c2a3  wd-button-wrapper text-center inline-element\"><a href=\"\/en\/contactenos\/\" title=\"\" class=\"btn btn-scheme-custom btn-scheme-hover-custom btn-style-default btn-style-semi-round btn-size-default\">Contact<\/a><\/div><\/div><\/div><\/div><\/div><div class=\"vc_empty_space\"   style=\"height: 62px\"><span class=\"vc_empty_space_inner\"><\/span><\/div><div id=\"2\" class=\"vc_row wpb_row vc_inner vc_row-fluid wd-rs-64d31cd447959\"><div class=\"wpb_column vc_column_container vc_col-sm-12\"><div class=\"vc_column-inner\"><div class=\"wpb_wrapper\">\n\t\t<div id=\"wd-64de5fc9f2a33\" class=\"title-wrapper wd-wpb set-mb-s reset-last-child  wd-rs-64de5fc9f2a33 wd-title-color-default wd-title-style-default text-left vc_custom_1692295128496 wd-underline-colored\">\n\t\t\t\n\t\t\t<div class=\"liner-continer\">\n\t\t\t\t<h3 class=\"woodmart-title-container title  wd-font-weight-400 wd-fontsize-xxl\" >National Tax Law<\/h3>\n\t\t\t\t\t\t\t<\/div>\n\t\t\t\n\t\t\t\n\t\t\t\n\t\t<\/div>\n\t\t\n\t\t<\/div><\/div><\/div><\/div><div class=\"vc_empty_space\"   style=\"height: 30px\"><span class=\"vc_empty_space_inner\"><\/span><\/div><div class=\"vc_row wpb_row vc_inner vc_row-fluid vc_custom_1691557229930 vc_column-gap-30 vc_row-o-content-middle vc_row-flex row-reverse-mobile wd-rs-64d31d6a2f7a8\"><div class=\"wpb_column vc_column_container vc_col-sm-6 wd-rs-64d1dcec80e63\"><div class=\"vc_column-inner vc_custom_1691475184292\"><div class=\"wpb_wrapper\">\n\t\t<div id=\"wd-64d31cf47ed46\" class=\"title-wrapper wd-wpb set-mb-s reset-last-child  wd-rs-64d31cf47ed46 wd-title-color-default wd-title-style-default text-left vc_custom_1691557110806 wd-underline-colored\">\n\t\t\t\n\t\t\t<div class=\"liner-continer\">\n\t\t\t\t<h3 class=\"woodmart-title-container title  wd-font-weight-400 wd-fontsize-l\" >Our services cover both corporate and individual taxation.<\/h3>\n\t\t\t\t\t\t\t<\/div>\n\t\t\t\n\t\t\t\n\t\t\t\n\t\t<\/div>\n\t\t\n\t\t\t\t<div id=\"wd-64d31cfa32c99\" class=\"wd-text-block wd-wpb reset-last-child wd-rs-64d31cfa32c99 text-left wd-font-weight-400\">\n\t\t\t<p>Our advice covers national and regional taxes. Likewise, it includes environmental and tax rates, parafiscal contributions, contributions of the Public Service Companies, as well as valuation and municipal taxes including stamps with specific destination. Likewise, our advice includes transitory taxes such as wealth tax, war tax, solidarity tax and democratic security tax. We have a particularly successful track record in litigation.<\/p>\n\t\t<\/div>\n\t\t<div class=\"vc_empty_space\"   style=\"height: 20px\"><span class=\"vc_empty_space_inner\"><\/span><\/div><div id=\"wd-64d4c35426af6\" class=\"wd-rs-64d4c35426af6  wd-button-wrapper text-center inline-element\"><a href=\"\/en\/contactenos\/\" title=\"\" class=\"btn btn-scheme-custom btn-scheme-hover-custom btn-style-default btn-style-semi-round btn-size-default\">Contact<\/a><\/div><\/div><\/div><\/div><div class=\"wpb_column vc_column_container vc_col-sm-6 wd-rs-64d1cb7e9327a\"><div class=\"vc_column-inner vc_custom_1691470723765\"><div class=\"wpb_wrapper\">\t\t<div id=\"gallery_584\" class=\"wd-images-gallery wd-wpb wd-animation-slide-from-right wd-animation-normal wd_delay_200 wd-rs-65cd2d73e47f7 vc_custom_1707945430118\" style=\"--wd-justify-content:center;--wd-align-items:center;\">\n\t\t\t\n\t\t\t<div class=\"wd-grid-g\" style=\"--wd-col-lg:1;--wd-col-md:1;--wd-col-sm:1;--wd-gap-lg:0px;\">\n\t\t\t\t\n\t\t\t\t\t\t\t\t\t\t\t\t\t\t\t<div class=\"wd-gallery-item wd-col\">\n\t\t\t\t\t\t\t\n\t\t\t\t\t\t\t\t<img loading=\"lazy\" decoding=\"async\" width=\"1755\" height=\"1755\" src=\"https:\/\/www.reyesaa.com\/wp-content\/uploads\/Neutral-Minimal-Simple-Elegant-Quote-Instagram-Post-4.png\" class=\"wd-gallery-image image-1\" alt=\"\" srcset=\"https:\/\/www.reyesaa.com\/wp-content\/uploads\/Neutral-Minimal-Simple-Elegant-Quote-Instagram-Post-4.png 1755w, https:\/\/www.reyesaa.com\/wp-content\/uploads\/Neutral-Minimal-Simple-Elegant-Quote-Instagram-Post-4-300x300.png 300w, https:\/\/www.reyesaa.com\/wp-content\/uploads\/Neutral-Minimal-Simple-Elegant-Quote-Instagram-Post-4-1024x1024.png 1024w, https:\/\/www.reyesaa.com\/wp-content\/uploads\/Neutral-Minimal-Simple-Elegant-Quote-Instagram-Post-4-150x150.png 150w, https:\/\/www.reyesaa.com\/wp-content\/uploads\/Neutral-Minimal-Simple-Elegant-Quote-Instagram-Post-4-768x768.png 768w, https:\/\/www.reyesaa.com\/wp-content\/uploads\/Neutral-Minimal-Simple-Elegant-Quote-Instagram-Post-4-1536x1536.png 1536w, https:\/\/www.reyesaa.com\/wp-content\/uploads\/Neutral-Minimal-Simple-Elegant-Quote-Instagram-Post-4-12x12.png 12w\" sizes=\"auto, (max-width: 1755px) 100vw, 1755px\" \/>\n\t\t\t\t\t\t\t\t\t\t\t\t\t\t<\/div>\n\t\t\t\t\t\t\t\t\t\n\t\t\t\t\t\t\t<\/div>\n\n\t\t\t\t\t<\/div>\n\t\t<\/div><\/div><\/div><\/div><\/div><\/div><\/div><\/div><div class=\"vc_row-full-width vc_clearfix\"><\/div><div id=\"3\" data-vc-full-width=\"true\" data-vc-full-width-init=\"false\" data-vc-stretch-content=\"true\" class=\"vc_row wpb_row vc_row-fluid vc_custom_1691558308140 vc_row-no-padding vc_row-o-equal-height vc_row-o-content-middle vc_row-flex wd-rs-64d321a013be0\"><div class=\"wpb_column vc_column_container vc_col-sm-6 wd-rs-64d30b3869e12\"><div class=\"vc_column-inner vc_custom_1691552573325\"><div class=\"wpb_wrapper\">\t\t<div id=\"gallery_419\" class=\"wd-images-gallery wd-wpb wd-rs-664cfe46899c8 vc_custom_1716322113822\" style=\"--wd-justify-content:center;--wd-align-items:center;\">\n\t\t\t\n\t\t\t<div class=\"wd-grid-g\" style=\"--wd-col-lg:1;--wd-col-md:1;--wd-col-sm:1;--wd-gap-lg:0px;\">\n\t\t\t\t\n\t\t\t\t\t\t\t\t\t\t\t\t\t\t\t<div class=\"wd-gallery-item wd-col\">\n\t\t\t\t\t\t\t\n\t\t\t\t\t\t\t\t<img loading=\"lazy\" decoding=\"async\" width=\"2560\" height=\"2549\" src=\"https:\/\/www.reyesaa.com\/wp-content\/uploads\/image00086.jpeg88-scaled.jpeg\" class=\"wd-gallery-image image-1\" alt=\"\" srcset=\"https:\/\/www.reyesaa.com\/wp-content\/uploads\/image00086.jpeg88-scaled.jpeg 2560w, https:\/\/www.reyesaa.com\/wp-content\/uploads\/image00086.jpeg88-300x300.jpeg 300w, https:\/\/www.reyesaa.com\/wp-content\/uploads\/image00086.jpeg88-1024x1020.jpeg 1024w, https:\/\/www.reyesaa.com\/wp-content\/uploads\/image00086.jpeg88-150x150.jpeg 150w, https:\/\/www.reyesaa.com\/wp-content\/uploads\/image00086.jpeg88-768x765.jpeg 768w, https:\/\/www.reyesaa.com\/wp-content\/uploads\/image00086.jpeg88-1536x1529.jpeg 1536w, https:\/\/www.reyesaa.com\/wp-content\/uploads\/image00086.jpeg88-2048x2039.jpeg 2048w, https:\/\/www.reyesaa.com\/wp-content\/uploads\/image00086.jpeg88-12x12.jpeg 12w\" sizes=\"auto, (max-width: 2560px) 100vw, 2560px\" \/>\n\t\t\t\t\t\t\t\t\t\t\t\t\t\t<\/div>\n\t\t\t\t\t\t\t\t\t\n\t\t\t\t\t\t\t<\/div>\n\n\t\t\t\t\t<\/div>\n\t\t<\/div><\/div><\/div><div class=\"wpb_column vc_column_container vc_col-sm-6 vc_col-has-fill wd-bg-center-center wd-rs-64d320d614134\"><div class=\"vc_column-inner vc_custom_1691558146113\"><div class=\"wpb_wrapper\">\n\t\t<div id=\"wd-64de6214797be\" class=\"title-wrapper wd-wpb set-mb-s reset-last-child  wd-rs-64de6214797be wd-title-color-default wd-title-style-default text-left vc_custom_1692295728004 wd-underline-colored\">\n\t\t\t\n\t\t\t<div class=\"liner-continer\">\n\t\t\t\t<h3 class=\"woodmart-title-container title  wd-font-weight-400 wd-fontsize-xxl\" >Environmental Tax Law<\/h3>\n\t\t\t\t\t\t\t<\/div>\n\t\t\t\n\t\t\t\n\t\t\t\n\t\t<\/div>\n\t\t\n\t\t\n\t\t<div id=\"wd-64d32144a1c3a\" class=\"title-wrapper wd-wpb set-mb-s reset-last-child  wd-rs-64d32144a1c3a wd-title-color-default wd-title-style-default text-left vc_custom_1691558224431 wd-underline-colored\">\n\t\t\t\n\t\t\t<div class=\"liner-continer\">\n\t\t\t\t<h3 class=\"woodmart-title-container title  wd-font-weight-400 wd-fontsize-l\" >We analyze the environmental taxes in light of the tax provisions in force, which allows the effective compliance with the environmental provisions.<\/h3>\n\t\t\t\t\t\t\t<\/div>\n\t\t\t\n\t\t\t\n\t\t\t\n\t\t<\/div>\n\t\t\n\t\t\t\t<div id=\"wd-64d3215428093\" class=\"wd-text-block wd-wpb reset-last-child wd-rs-64d3215428093 text-left wd-font-weight-400\">\n\t\t\t<p>The formalization of investments in environmental remediation with reference to their treatment in the income tax regime is part of our contribution to the optimization of the tax burden of our clients.<\/p>\n\t\t<\/div>\n\t\t<div class=\"vc_empty_space\"   style=\"height: 20px\"><span class=\"vc_empty_space_inner\"><\/span><\/div><div id=\"wd-64d4c362d3d66\" class=\"wd-rs-64d4c362d3d66  wd-button-wrapper text-center inline-element\"><a href=\"\/en\/contactenos\/\" title=\"\" class=\"btn btn-scheme-custom btn-scheme-hover-custom btn-style-default btn-style-semi-round btn-size-default\">Contact<\/a><\/div><\/div><\/div><\/div><\/div><div class=\"vc_row-full-width vc_clearfix\"><\/div><div data-vc-full-width=\"true\" data-vc-full-width-init=\"false\" class=\"vc_row wpb_row vc_row-fluid vc_custom_1691558508961 vc_row-has-fill wd-bg-center-top wd-rs-64d3226b335b4\"><div class=\"wpb_column vc_column_container vc_col-sm-12 wd-rs-64d1cbd13b406\"><div class=\"vc_column-inner vc_custom_1691470806922\"><div class=\"wpb_wrapper\"><div id=\"4\" class=\"vc_row wpb_row vc_inner vc_row-fluid wd-rs-64d3222e4d2fe\"><div class=\"wpb_column vc_column_container vc_col-sm-12\"><div class=\"vc_column-inner\"><div class=\"wpb_wrapper\">\n\t\t<div id=\"wd-64de5fe367b96\" class=\"title-wrapper wd-wpb set-mb-s reset-last-child  wd-rs-64de5fe367b96 wd-title-color-default wd-title-style-default text-left vc_custom_1692295152812 wd-underline-colored\">\n\t\t\t\n\t\t\t<div class=\"liner-continer\">\n\t\t\t\t<h3 class=\"woodmart-title-container title  wd-font-weight-400 wd-fontsize-xxl\" >Foreign Exchange Law and Foreign Investment<\/h3>\n\t\t\t\t\t\t\t<\/div>\n\t\t\t\n\t\t\t\n\t\t\t\n\t\t<\/div>\n\t\t\n\t\t<\/div><\/div><\/div><\/div><div class=\"vc_empty_space\"   style=\"height: 30px\"><span class=\"vc_empty_space_inner\"><\/span><\/div><div class=\"vc_row wpb_row vc_inner vc_row-fluid vc_custom_1691557229930 vc_column-gap-30 vc_row-o-content-middle vc_row-flex row-reverse-mobile wd-rs-64d31d6a2f7a8\"><div class=\"wpb_column vc_column_container vc_col-sm-6 wd-rs-64d1dcec80e63\"><div class=\"vc_column-inner vc_custom_1691475184292\"><div class=\"wpb_wrapper\">\t\t<div id=\"wd-64d322551d9fa\" class=\"wd-text-block wd-wpb reset-last-child wd-rs-64d322551d9fa text-left wd-font-weight-400\">\n\t\t\t<p>We have extensive experience in the implementation of all direct and portfolio investment processes in Colombia and abroad, in the management of clearing accounts and special accounts, in the formalization of import procedures, in the refund of exports, in the exchange registration of financing structures and in procedures for the repatriation of funds obtained abroad.<\/p>\n\t\t<\/div>\n\t\t<div class=\"vc_empty_space\"   style=\"height: 20px\"><span class=\"vc_empty_space_inner\"><\/span><\/div><div id=\"wd-64d4c37263455\" class=\"wd-rs-64d4c37263455  wd-button-wrapper text-center inline-element\"><a href=\"\/en\/contactenos\/\" title=\"\" class=\"btn btn-scheme-custom btn-scheme-hover-custom btn-style-default btn-style-semi-round btn-size-default\">Contact<\/a><\/div><\/div><\/div><\/div><div class=\"wpb_column vc_column_container vc_col-sm-6 wd-rs-64d1cb7e9327a\"><div class=\"vc_column-inner vc_custom_1691470723765\"><div class=\"wpb_wrapper\">\t\t<div id=\"gallery_135\" class=\"wd-images-gallery wd-wpb wd-animation-slide-from-right wd-animation-normal wd_delay_200 wd-rs-64dad7b45fd10 vc_custom_1692063678831\" style=\"--wd-justify-content:center;--wd-align-items:center;\">\n\t\t\t\n\t\t\t<div class=\"wd-grid-g\" style=\"--wd-col-lg:1;--wd-col-md:1;--wd-col-sm:1;--wd-gap-lg:0px;\">\n\t\t\t\t\n\t\t\t\t\t\t\t\t\t\t\t\t\t\t\t<div class=\"wd-gallery-item wd-col\">\n\t\t\t\t\t\t\t\n\t\t\t\t\t\t\t\t<img loading=\"lazy\" decoding=\"async\" width=\"691\" height=\"475\" src=\"https:\/\/www.reyesaa.com\/wp-content\/uploads\/Derecho-cambiario-e-inversion-extranjera.webp\" class=\"wd-gallery-image image-1\" alt=\"Derecho cambiario e inversi\u00f3n extranjera\" srcset=\"https:\/\/www.reyesaa.com\/wp-content\/uploads\/Derecho-cambiario-e-inversion-extranjera.webp 691w, https:\/\/www.reyesaa.com\/wp-content\/uploads\/Derecho-cambiario-e-inversion-extranjera-300x206.webp 300w, https:\/\/www.reyesaa.com\/wp-content\/uploads\/Derecho-cambiario-e-inversion-extranjera-150x103.webp 150w\" sizes=\"auto, (max-width: 691px) 100vw, 691px\" \/>\n\t\t\t\t\t\t\t\t\t\t\t\t\t\t<\/div>\n\t\t\t\t\t\t\t\t\t\n\t\t\t\t\t\t\t<\/div>\n\n\t\t\t\t\t<\/div>\n\t\t<\/div><\/div><\/div><\/div><\/div><\/div><\/div><\/div><div class=\"vc_row-full-width vc_clearfix\"><\/div>\n<\/div>","protected":false},"excerpt":{"rendered":"\u00c1reas de Pr\u00e1ctica Derecho Tributario &amp; Planeaci\u00f3n Fiscal Internacional Estructuramos proyectos viables jur\u00eddicamente que reduzcan o aten\u00faen el impacto fiscal","protected":false},"author":1,"featured_media":0,"parent":0,"menu_order":0,"comment_status":"closed","ping_status":"closed","template":"","meta":{"footnotes":""},"class_list":["post-243","page","type-page","status-publish","hentry"],"_links":{"self":[{"href":"https:\/\/www.reyesaa.com\/en\/wp-json\/wp\/v2\/pages\/243","targetHints":{"allow":["GET"]}}],"collection":[{"href":"https:\/\/www.reyesaa.com\/en\/wp-json\/wp\/v2\/pages"}],"about":[{"href":"https:\/\/www.reyesaa.com\/en\/wp-json\/wp\/v2\/types\/page"}],"author":[{"embeddable":true,"href":"https:\/\/www.reyesaa.com\/en\/wp-json\/wp\/v2\/users\/1"}],"replies":[{"embeddable":true,"href":"https:\/\/www.reyesaa.com\/en\/wp-json\/wp\/v2\/comments?post=243"}],"version-history":[{"count":25,"href":"https:\/\/www.reyesaa.com\/en\/wp-json\/wp\/v2\/pages\/243\/revisions"}],"predecessor-version":[{"id":692,"href":"https:\/\/www.reyesaa.com\/en\/wp-json\/wp\/v2\/pages\/243\/revisions\/692"}],"wp:attachment":[{"href":"https:\/\/www.reyesaa.com\/en\/wp-json\/wp\/v2\/media?parent=243"}],"curies":[{"name":"wp","href":"https:\/\/api.w.org\/{rel}","templated":true}]}}