{"id":221,"date":"2023-08-08T22:39:43","date_gmt":"2023-08-09T03:39:43","guid":{"rendered":"https:\/\/www.reyesaa.com\/?page_id=221"},"modified":"2025-05-28T09:33:48","modified_gmt":"2025-05-28T14:33:48","slug":"perfil-profesional","status":"publish","type":"page","link":"https:\/\/www.reyesaa.com\/en\/perfil-profesional\/","title":{"rendered":"Professional Profile"},"content":{"rendered":"<div class=\"wpb-content-wrapper\"><div data-vc-full-width=\"true\" data-vc-full-width-init=\"false\" data-vc-stretch-content=\"true\" class=\"vc_row wpb_row vc_row-fluid vc_custom_1691494252863 vc_row-no-padding wd-rs-64d22760ed6a0\"><div class=\"wpb_column vc_column_container vc_col-sm-12 wd-rs-64d227599e2a1\"><div class=\"vc_column-inner vc_custom_1691494238119\"><div class=\"wpb_wrapper\">\t\t\t<link rel=\"stylesheet\" id=\"wd-banner-css\" href=\"https:\/\/www.reyesaa.com\/wp-content\/themes\/woodmart\/css\/parts\/wpb-el-banner.min.css?ver=7.4.3\" type=\"text\/css\" media=\"all\" \/> \t\t\t\t\t\t<link rel=\"stylesheet\" id=\"wd-banner-btn-hover-css\" href=\"https:\/\/www.reyesaa.com\/wp-content\/themes\/woodmart\/css\/parts\/el-banner-btn-hover.min.css?ver=7.4.3\" type=\"text\/css\" media=\"all\" \/> \t\t\t\t\t\t<link rel=\"stylesheet\" id=\"wd-mod-highlighted-text-css\" href=\"https:\/\/www.reyesaa.com\/wp-content\/themes\/woodmart\/css\/parts\/mod-highlighted-text.min.css?ver=7.4.3\" type=\"text\/css\" media=\"all\" \/> \t\t\t\t\t<div class=\"promo-banner-wrapper  wd-rs-64d29349d7ce7 vc_custom_1691521877883\">\n\t\t\t<div id=\"wd-64d29349d7ce7\" class=\"promo-banner  banner- banner-hover-none color-scheme-light banner-btn-size-default banner-btn-style-default  wd-underline-colored\">\n\t\t\t\t<div class=\"main-wrapp-img\">\n\t\t\t\t\t<div class=\"banner-image wd-bg-position-center\" >\n\t\t\t\t\t\t<img loading=\"lazy\" decoding=\"async\" width=\"1920\" height=\"140\" src=\"https:\/\/www.reyesaa.com\/wp-content\/uploads\/cintillo.png\" class=\"attachment-full size-full\" alt=\"cintillo\" \/>\t\t\t\t\t<\/div>\n\t\t\t\t<\/div>\n\n\t\t\t\t<div class=\"wrapper-content-banner wd-fill  wd-items-middle wd-justify-center\">\n\t\t\t\t\t<div class=\"content-banner  text-center\">\n\t\t\t\t\t\t<h1 class=\"banner-title wd-font-weight-400 font-primary wd-fontsize-xxl\">M\u00f3nica Reyes Rodr\u00edguez<\/h1>\t\t\t\t\t\t\t\t\t\t\t\t\t<div class=\"banner-inner set-cont-mb-s reset-last-child\">\n\t\t\t\t\t\t\t\t<p>Founding Partner<\/p>\n\t\t\t\t\t\t\t<\/div>\n\t\t\t\t\t\t\n\t\t\t\t\t\t\n\t\t\t\t\t\t\t\t\t\t\t<\/div>\n\t\t\t\t<\/div>\n\n\t\t\t\t\n\t\t\t\t\t\t\t<\/div>\n\t\t<\/div>\n\n\t\t<\/div><\/div><\/div><\/div><div class=\"vc_row-full-width vc_clearfix\"><\/div><div data-vc-full-width=\"true\" data-vc-full-width-init=\"false\" data-vc-stretch-content=\"true\" class=\"vc_row wpb_row vc_row-fluid vc_custom_1691494460331 vc_row-no-padding vc_row-o-equal-height vc_row-o-content-middle vc_row-flex wd-rs-64d2282d5b6be\"><div class=\"wpb_column vc_column_container vc_col-sm-6 vc_col-has-fill wd-bg-center-center wd-rs-64d30386207c8\"><div class=\"vc_column-inner vc_custom_1691550605478\"><div class=\"wpb_wrapper\">\t\t\t<link rel=\"stylesheet\" id=\"wd-section-title-css\" href=\"https:\/\/www.reyesaa.com\/wp-content\/themes\/woodmart\/css\/parts\/el-section-title.min.css?ver=7.4.3\" type=\"text\/css\" media=\"all\" \/> \t\t\t\n\t\t<div id=\"wd-64d2941137bc8\" class=\"title-wrapper wd-wpb set-mb-s reset-last-child  wd-rs-64d2941137bc8 wd-title-color-default wd-title-style-default text-left vc_custom_1691522082003 wd-underline-colored\">\n\t\t\t\n\t\t\t<div class=\"liner-continer\">\n\t\t\t\t<h2 class=\"woodmart-title-container title  wd-font-weight-400 wd-fontsize-xxl\" >Professional Profile<\/h2>\n\t\t\t\t\t\t\t<\/div>\n\t\t\t\n\t\t\t\n\t\t\t\n\t\t<\/div>\n\t\t\n\t\t<div class=\"vc_empty_space\"   style=\"height: 20px\"><span class=\"vc_empty_space_inner\"><\/span><\/div>\t\t\t<link rel=\"stylesheet\" id=\"wd-text-block-css\" href=\"https:\/\/www.reyesaa.com\/wp-content\/themes\/woodmart\/css\/parts\/el-text-block.min.css?ver=7.4.3\" type=\"text\/css\" media=\"all\" \/> \t\t\t\t\t<div id=\"wd-67a3dba7a7e3f\" class=\"wd-text-block wd-wpb reset-last-child wd-rs-67a3dba7a7e3f text-left wd-font-weight-400\">\n\t\t\t<p>Socia fundadora de Reyes Abogados Asociados. Tiene amplia experiencia en Planeaci\u00f3n Fiscal Internacional, incluyendo aspectos relacionados con impuestos, regulaciones cambiarias, y las disposiciones laborales.<\/p>\n<p>Es abogada de la Universidad del Rosario, especializada en derecho tributario de la misma universidad. Curs\u00f3 la Maestr\u00eda en Derecho en la Escuela de Econom\u00eda de la Universidad de Londres (London School Of Economics). Tiene un Diploma en Derecho Internacional Tributario de Kennedy University en Suiza.<\/p>\n\t\t<\/div>\n\t\t<div class=\"vc_empty_space\"   style=\"height: 20px\"><span class=\"vc_empty_space_inner\"><\/span><\/div><div id=\"wd-64d4c1888deae\" class=\"wd-rs-64d4c1888deae  wd-button-wrapper text-center inline-element\"><a href=\"\/en\/contactenos\/\" title=\"\" class=\"btn btn-scheme-custom btn-scheme-hover-custom btn-style-default btn-style-semi-round btn-size-default\">Contact<\/a><\/div><\/div><\/div><\/div><div class=\"wpb_column vc_column_container vc_col-sm-6 wd-rs-64d2284088f7f\"><div class=\"vc_column-inner vc_custom_1691494470440\"><div class=\"wpb_wrapper\">\t\t\t<link rel=\"stylesheet\" id=\"wd-image-gallery-css\" href=\"https:\/\/www.reyesaa.com\/wp-content\/themes\/woodmart\/css\/parts\/el-gallery.min.css?ver=7.4.3\" type=\"text\/css\" media=\"all\" \/> \t\t\t\t\t<div id=\"gallery_576\" class=\"wd-images-gallery wd-wpb wd-rs-65ccf72451ad8 vc_custom_1707931127201\" style=\"--wd-justify-content:center;--wd-align-items:center;\">\n\t\t\t\n\t\t\t<div class=\"wd-grid-g\" style=\"--wd-col-lg:1;--wd-col-md:1;--wd-col-sm:1;--wd-gap-lg:0px;\">\n\t\t\t\t\n\t\t\t\t\t\t\t\t\t\t\t\t\t\t\t<div class=\"wd-gallery-item wd-col\">\n\t\t\t\t\t\t\t\n\t\t\t\t\t\t\t\t<img loading=\"lazy\" decoding=\"async\" width=\"1320\" height=\"1008\" src=\"https:\/\/www.reyesaa.com\/wp-content\/uploads\/Picsart_24-02-13_15-24-58-795-e1707931405505.jpg\" class=\"wd-gallery-image image-1\" alt=\"\" srcset=\"https:\/\/www.reyesaa.com\/wp-content\/uploads\/Picsart_24-02-13_15-24-58-795-e1707931405505.jpg 1320w, https:\/\/www.reyesaa.com\/wp-content\/uploads\/Picsart_24-02-13_15-24-58-795-e1707931405505-300x229.jpg 300w, https:\/\/www.reyesaa.com\/wp-content\/uploads\/Picsart_24-02-13_15-24-58-795-e1707931405505-1024x782.jpg 1024w, https:\/\/www.reyesaa.com\/wp-content\/uploads\/Picsart_24-02-13_15-24-58-795-e1707931405505-150x115.jpg 150w, https:\/\/www.reyesaa.com\/wp-content\/uploads\/Picsart_24-02-13_15-24-58-795-e1707931405505-768x586.jpg 768w, https:\/\/www.reyesaa.com\/wp-content\/uploads\/Picsart_24-02-13_15-24-58-795-e1707931405505-16x12.jpg 16w\" sizes=\"auto, (max-width: 1320px) 100vw, 1320px\" \/>\n\t\t\t\t\t\t\t\t\t\t\t\t\t\t<\/div>\n\t\t\t\t\t\t\t\t\t\n\t\t\t\t\t\t\t<\/div>\n\n\t\t\t\t\t<\/div>\n\t\t<\/div><\/div><\/div><\/div><div class=\"vc_row-full-width vc_clearfix\"><\/div><div data-vc-full-width=\"true\" data-vc-full-width-init=\"false\" data-vc-stretch-content=\"true\" class=\"vc_row wpb_row vc_row-fluid vc_custom_1691552510975 vc_row-no-padding wd-rs-64d30afd25d79\"><div class=\"wpb_column vc_column_container vc_col-sm-12 wd-rs-64d227599e2a1\"><div class=\"vc_column-inner vc_custom_1691494238119\"><div class=\"wpb_wrapper\">\t\t<div id=\"gallery_711\" class=\"wd-images-gallery wd-wpb wd-rs-64d30ad3bee1d vc_custom_1691552506149\" style=\"--wd-justify-content:center;--wd-align-items:center;\">\n\t\t\t\n\t\t\t<div class=\"wd-grid-g\" style=\"--wd-col-lg:1;--wd-col-md:1;--wd-col-sm:1;--wd-gap-lg:0px;\">\n\t\t\t\t\n\t\t\t\t\t\t\t\t\t\t\t\t\t\t\t<div class=\"wd-gallery-item wd-col\">\n\t\t\t\t\t\t\t\n\t\t\t\t\t\t\t\t<img loading=\"lazy\" decoding=\"async\" width=\"1919\" height=\"10\" src=\"https:\/\/www.reyesaa.com\/wp-content\/uploads\/Rectangle.png\" class=\"wd-gallery-image image-1\" alt=\"Rectangle\" srcset=\"https:\/\/www.reyesaa.com\/wp-content\/uploads\/Rectangle.png 1919w, https:\/\/www.reyesaa.com\/wp-content\/uploads\/Rectangle-300x2.png 300w, https:\/\/www.reyesaa.com\/wp-content\/uploads\/Rectangle-1024x5.png 1024w, https:\/\/www.reyesaa.com\/wp-content\/uploads\/Rectangle-150x1.png 150w, https:\/\/www.reyesaa.com\/wp-content\/uploads\/Rectangle-768x4.png 768w, https:\/\/www.reyesaa.com\/wp-content\/uploads\/Rectangle-1536x8.png 1536w\" sizes=\"auto, (max-width: 1919px) 100vw, 1919px\" \/>\n\t\t\t\t\t\t\t\t\t\t\t\t\t\t<\/div>\n\t\t\t\t\t\t\t\t\t\n\t\t\t\t\t\t\t<\/div>\n\n\t\t\t\t\t<\/div>\n\t\t<\/div><\/div><\/div><\/div><div class=\"vc_row-full-width vc_clearfix\"><\/div><div data-vc-full-width=\"true\" data-vc-full-width-init=\"false\" data-vc-stretch-content=\"true\" class=\"vc_row wpb_row vc_row-fluid vc_custom_1691552591584 vc_row-no-padding vc_row-o-equal-height vc_row-o-content-middle vc_row-flex wd-rs-64d30b40a41d6\"><div class=\"wpb_column vc_column_container vc_col-sm-6 wd-rs-64d30b3869e12\"><div class=\"vc_column-inner vc_custom_1691552573325\"><div class=\"wpb_wrapper\">\t\t<div id=\"gallery_597\" class=\"wd-images-gallery wd-wpb wd-rs-65ccf749bad36 vc_custom_1707931181450\" style=\"--wd-justify-content:center;--wd-align-items:center;\">\n\t\t\t\n\t\t\t<div class=\"wd-grid-g\" style=\"--wd-col-lg:1;--wd-col-md:1;--wd-col-sm:1;--wd-gap-lg:0px;\">\n\t\t\t\t\n\t\t\t\t\t\t\t\t\t\t\t\t\t\t\t<div class=\"wd-gallery-item wd-col\">\n\t\t\t\t\t\t\t\n\t\t\t\t\t\t\t\t<img loading=\"lazy\" decoding=\"async\" width=\"1920\" height=\"1826\" src=\"https:\/\/www.reyesaa.com\/wp-content\/uploads\/image00142-scaled-e1707930525821.jpeg\" class=\"wd-gallery-image image-1\" alt=\"\" srcset=\"https:\/\/www.reyesaa.com\/wp-content\/uploads\/image00142-scaled-e1707930525821.jpeg 1920w, https:\/\/www.reyesaa.com\/wp-content\/uploads\/image00142-scaled-e1707930525821-300x285.jpeg 300w, https:\/\/www.reyesaa.com\/wp-content\/uploads\/image00142-scaled-e1707930525821-1024x974.jpeg 1024w, https:\/\/www.reyesaa.com\/wp-content\/uploads\/image00142-scaled-e1707930525821-150x143.jpeg 150w, https:\/\/www.reyesaa.com\/wp-content\/uploads\/image00142-scaled-e1707930525821-768x730.jpeg 768w, https:\/\/www.reyesaa.com\/wp-content\/uploads\/image00142-scaled-e1707930525821-1536x1461.jpeg 1536w, https:\/\/www.reyesaa.com\/wp-content\/uploads\/image00142-scaled-e1707930525821-13x12.jpeg 13w\" sizes=\"auto, (max-width: 1920px) 100vw, 1920px\" \/>\n\t\t\t\t\t\t\t\t\t\t\t\t\t\t<\/div>\n\t\t\t\t\t\t\t\t\t\n\t\t\t\t\t\t\t<\/div>\n\n\t\t\t\t\t<\/div>\n\t\t<\/div><\/div><\/div><div class=\"wpb_column vc_column_container vc_col-sm-6 vc_col-has-fill wd-bg-center-center wd-rs-64d30ce308616\"><div class=\"vc_column-inner vc_custom_1691552998525\"><div class=\"wpb_wrapper\">\t\t<div id=\"wd-67a3dbb71e25e\" class=\"wd-text-block wd-wpb reset-last-child wd-rs-67a3dbb71e25e text-left wd-font-weight-400\">\n\t\t\t<p>Ha dictado la c\u00e1tedra de planeaci\u00f3n fiscal en las Especializaciones en Derecho Tributario de las Universidades de los Andes y del Rosario y en la Maestr\u00eda en Derecho Tributario de la Universidad Externado de Colombia.<\/p>\n<p>Es miembro del Cap\u00edtulo Colombia de la International Fiscal Association y del Instituto Colombiano de Derecho Tributario, as\u00ed como de las secciones de impuestos de la International Bar Association y de la American Bar Association. En estos escenarios ha dirigido varios paneles sobre tributaci\u00f3n internacional.<\/p>\n<p>Trabaj\u00f3 en la Direcci\u00f3n de Impuestos y Aduanas Nacionales de Colombia. En Occidental Petroleum se desempe\u00f1\u00f3 en la supervisi\u00f3n de la planeaci\u00f3n fiscal de la compa\u00f1\u00eda. Como socia de la firma Brigard y Urrutia Abogados, durante diez a\u00f1os, estuvo a cargo del \u00e1rea de pr\u00e1ctica fiscal.<\/p>\n\t\t<\/div>\n\t\t\t\t<div id=\"gallery_545\" class=\"wd-images-gallery wd-wpb wd-rs-64d30cda2ac14 vc_custom_1691552990737\" style=\"--wd-justify-content:left;--wd-align-items:center;\">\n\t\t\t\n\t\t\t<div class=\"wd-grid-g\" style=\"--wd-col-lg:1;--wd-col-md:1;--wd-col-sm:1;--wd-gap-lg:0px;\">\n\t\t\t\t\n\t\t\t\t\t\t\t\t\t\t\t\t\t\t\t<div class=\"wd-gallery-item wd-col\">\n\t\t\t\t\t\t\t\t\t\t\t\t\t\t<a href=\"https:\/\/www.linkedin.com\/in\/monica-reyes-a210311b\/\" data-elementor-open-lightbox=\"no\" data-index=\"1\" data-width=\"40\" data-height=\"40\" \n\t\t\t\t\t\t\t\t\t\t\t\t\t\t\t\t\t\t\t\ttarget=\"_blank\" >\n\t\t\t\t\t\t\t\t\n\t\t\t\t\t\t\t\t<img loading=\"lazy\" decoding=\"async\" width=\"40\" height=\"40\" src=\"https:\/\/www.reyesaa.com\/wp-content\/uploads\/LinkedIn.png\" class=\"wd-gallery-image image-1\" alt=\"linkedin\" \/>\n\t\t\t\t\t\t\t\t\t\t\t\t\t\t\t<\/a>\n\t\t\t\t\t\t\t\t\t\t\t\t<\/div>\n\t\t\t\t\t\t\t\t\t\n\t\t\t\t\t\t\t<\/div>\n\n\t\t\t\t\t<\/div>\n\t\t\t\t\t<link rel=\"stylesheet\" id=\"wd-list-css\" href=\"https:\/\/www.reyesaa.com\/wp-content\/themes\/woodmart\/css\/parts\/el-list.min.css?ver=7.4.3\" type=\"text\/css\" media=\"all\" \/> \t\t\t\n\t\t<ul class=\"wd-rs-64d30cb187e52 wd-list wd-wpb color-scheme-custom wd-fontsize-m wd-list-type-icon wd-list-style-default wd-justify-left\" id=\"wd-64d30cb187e52\">\n\t\t\t\t\t\t\t\t\t\t\t<li>\n\t\t\t\t\t<img loading=\"lazy\" decoding=\"async\" width=\"40\" height=\"32\" src=\"https:\/\/www.reyesaa.com\/wp-content\/uploads\/email-1-40x32.png\" class=\"attachment-40x32 size-40x32\" alt=\"\" \/>\n\t\t\t\t\t<span class=\"list-content\">mreyes@reyesaa.com<\/span>\n\t\t\t\t\t\t\t\t\t<\/li>\n\t\t\t\t\t<\/ul>\n\t\t<\/div><\/div><\/div><\/div><div class=\"vc_row-full-width vc_clearfix\"><\/div><div data-vc-full-width=\"true\" data-vc-full-width-init=\"false\" class=\"vc_row wpb_row vc_row-fluid vc_custom_1691553743217 vc_row-has-fill wd-bg-center-top wd-rs-64d30fbaf2ae1\"><div class=\"wpb_column vc_column_container vc_col-sm-12 wd-rs-64d1cbd13b406\"><div class=\"vc_column-inner vc_custom_1691470806922\"><div class=\"wpb_wrapper\">\n\t\t<div id=\"wd-64d3103d08b2d\" class=\"title-wrapper wd-wpb set-mb-s reset-last-child  wd-rs-64d3103d08b2d wd-title-color-default wd-title-style-default text-left vc_custom_1691553856796 wd-underline-colored\">\n\t\t\t\n\t\t\t<div class=\"liner-continer\">\n\t\t\t\t<h5 class=\"woodmart-title-container title  wd-font-weight-400 wd-fontsize-xxl\" >Education<\/h5>\n\t\t\t\t\t\t\t<\/div>\n\t\t\t\n\t\t\t\n\t\t\t\n\t\t<\/div>\n\t\t\n\t\t<div class=\"vc_empty_space\"   style=\"height: 30px\"><span class=\"vc_empty_space_inner\"><\/span><\/div><div class=\"vc_row wpb_row vc_inner vc_row-fluid vc_custom_1691495085085 vc_column-gap-30 vc_row-o-content-middle vc_row-flex wd-rs-64d22aa8e82e4\"><div class=\"wpb_column vc_column_container vc_col-sm-6 wd-rs-64d1dcec80e63\"><div class=\"vc_column-inner vc_custom_1691475184292\"><div class=\"wpb_wrapper\">\t\t<div id=\"wd-64d31052c694f\" class=\"wd-text-block wd-wpb reset-last-child wd-rs-64d31052c694f text-left wd-font-weight-400\">\n\t\t\t<ul>\n<li>J.D. (Jurisprudence) Universidad del Rosario.<\/li>\n<li>Specialization in Tax Law - Universidad del Rosario.<\/li>\n<li>Economic Law - London School of Economics.<\/li>\n<li>Diploma in International Tax Law - Robert Kennedy University.<\/li>\n<\/ul>\n<p>Languages: English - Spanish<\/p>\n\t\t<\/div>\n\t\t<div class=\"vc_empty_space\"   style=\"height: 20px\"><span class=\"vc_empty_space_inner\"><\/span><\/div><div id=\"wd-64d4c19a7b52f\" class=\"wd-rs-64d4c19a7b52f  wd-button-wrapper text-center inline-element\"><a href=\"\/en\/reconocimientos\/\" title=\"\" class=\"btn btn-scheme-custom btn-scheme-hover-custom btn-style-bordered btn-style-semi-round btn-size-default\">View awards<\/a><\/div><div id=\"wd-64d4c1a8bb4ba\" class=\"wd-rs-64d4c1a8bb4ba  wd-button-wrapper text-center inline-element\"><a href=\"\/en\/contactenos\/\" title=\"\" class=\"btn btn-scheme-custom btn-scheme-hover-custom btn-style-default btn-style-semi-round btn-size-default\">Contact<\/a><\/div><\/div><\/div><\/div>\t\t\t<link rel=\"stylesheet\" id=\"wd-animations-css\" href=\"https:\/\/www.reyesaa.com\/wp-content\/themes\/woodmart\/css\/parts\/mod-animations-transform.min.css?ver=7.4.3\" type=\"text\/css\" media=\"all\" \/> \t\t\t<div class=\"wpb_column vc_column_container vc_col-sm-6 wd-rs-64d1cb7e9327a\"><div class=\"vc_column-inner vc_custom_1691470723765\"><div class=\"wpb_wrapper\">\t\t<div id=\"gallery_799\" class=\"wd-images-gallery wd-wpb wd-animation-slide-from-right wd-animation-normal wd_delay_200 wd-rs-64dad487e701e vc_custom_1692062869603\" style=\"--wd-justify-content:center;--wd-align-items:center;\">\n\t\t\t\n\t\t\t<div class=\"wd-grid-g\" style=\"--wd-col-lg:1;--wd-col-md:1;--wd-col-sm:1;--wd-gap-lg:0px;\">\n\t\t\t\t\n\t\t\t\t\t\t\t\t\t\t\t\t\t\t\t<div class=\"wd-gallery-item wd-col\">\n\t\t\t\t\t\t\t\n\t\t\t\t\t\t\t\t<img loading=\"lazy\" decoding=\"async\" width=\"652\" height=\"473\" src=\"https:\/\/www.reyesaa.com\/wp-content\/uploads\/Formacion-academica.webp\" class=\"wd-gallery-image image-1\" alt=\"Formaci\u00f3n acad\u00e9mica\" srcset=\"https:\/\/www.reyesaa.com\/wp-content\/uploads\/Formacion-academica.webp 652w, https:\/\/www.reyesaa.com\/wp-content\/uploads\/Formacion-academica-300x218.webp 300w, https:\/\/www.reyesaa.com\/wp-content\/uploads\/Formacion-academica-150x109.webp 150w\" sizes=\"auto, (max-width: 652px) 100vw, 652px\" \/>\n\t\t\t\t\t\t\t\t\t\t\t\t\t\t<\/div>\n\t\t\t\t\t\t\t\t\t\n\t\t\t\t\t\t\t<\/div>\n\n\t\t\t\t\t<\/div>\n\t\t<\/div><\/div><\/div><\/div><div class=\"vc_empty_space\"   style=\"height: 62px\"><span class=\"vc_empty_space_inner\"><\/span><\/div>\n\t\t<div id=\"wd-64d3127cb0ace\" class=\"title-wrapper wd-wpb set-mb-s reset-last-child  wd-rs-64d3127cb0ace wd-title-color-default wd-title-style-default text-left vc_custom_1691554432507 wd-underline-colored\">\n\t\t\t\n\t\t\t<div class=\"liner-continer\">\n\t\t\t\t<h5 class=\"woodmart-title-container title  wd-font-weight-400 wd-fontsize-xxl\" >Conferences Held<\/h5>\n\t\t\t\t\t\t\t<\/div>\n\t\t\t\n\t\t\t\n\t\t\t\n\t\t<\/div>\n\t\t\n\t\t<div class=\"vc_empty_space\"   style=\"height: 30px\"><span class=\"vc_empty_space_inner\"><\/span><\/div>\t\t<div id=\"wd-67ed50143aaa4\" class=\"wd-text-block wd-wpb reset-last-child wd-rs-67ed50143aaa4 text-left wd-font-weight-400\">\n\t\t\t<ul>\n<li>Speaker \u2013 13th Colombian Congress on International Taxation of IFA COLOMBIA: From the global proposal to the Colombian experience.\u20132024.<\/li>\n<li>Speaker \u2013 IBA CONFERENCE IN PAR\u00cdS Financing in the new era\u00a0 of taxation in challenging times.\u20132023.<\/li>\n<li>Speaker \u2013Business roundtable\u00a0 WECONNECT INTERNATIONAL Bogota, Colombia.\u20132023.<\/li>\n<li>Speaker \u2013Tax Reform BRITCHAM COLOMBIA Bogota,Colombia 2023.<\/li>\n<li>Speaker\u2013Virtual 13th Annual. U.S. and latin\u00a0 America Tax\u00a0 Practical Trends. Colombia\u20132021.<\/li>\n<li>Speaker \u2013 7th Annual IBA Finance &amp; Capital Markets Tax Conference: Impact of BEPS and antiavoidance rules on non-European\/US countries. London, United Kingdom. February\u2015 2018.<\/li>\n<li>Speaker \u2013 Private Client Forum Americas: Oye Como Va \u2013 Handling the establishment of FATCA\/CRS for the Latin American family. Playa del Carmen, Mexico. February \u2015 2017.<\/li>\n<li>6th Annual IBA Tax Conference: Current International tax issues in Cross-Border Corporate Finance and Capital Markets- Global (Non EU) developments in Finance including response to BEPS and GAAR.\u201d. London, United Kingdom. January \u2015 2017.<\/li>\n<li>IBA Annual Conference- Session on Digital Life After Death. Washington D.C., USA. September\u2015 2016.<\/li>\n<li>Wealth and Asset Planning Workshop Panel: The Worst of Two Worlds \u2013 U.S. Tax Residents or Citizens with Assets in Latin America; Locals with Heirs or Assets in the United States. Miami, USA. June \u2015 2016.<\/li>\n<li>Latin Private Wealth Management Summit 2016. Panam\u00e1 City, Panam\u00e1. May \u2015 2016.<\/li>\n<li>FIBA Wealth Management Forum 2015. Miami, USA. October\u2015 2015.<\/li>\n<li>Chair Wealth and Asset Planning Workshop: Panel I US Investors Abroad \u2013 FATCA and Other Compliance Issues: Brazil, Chile, Mexico, Canada and the U.K. Panel II Passive Investments Abroad \u2013 Tax Enforcement and CFC Rules by Various Latin American Countries. Miami, USA. June \u2015 2014.<\/li>\n<li>Chair Panel U.S. \u2013 Latin American Tax Planning Strategies Acquisition and Reorganization of Mining Projects in Latin America: A Canadian Perspective.\nWTS Alliance \u2013 \u201cAccelerating Growth with Tax, Legal and Consulting\u201d. London, United Kingdom. \u2015 2013.<\/li>\n<li>Committee, supported by the IBA North American Regional Forum. Toronto, Canada. 2012.<\/li>\n<li>Co-Chair Mining Taxation and Financing: The Essential \u201cHow to\u201d Conference presented by the IBA Taxes.<\/li>\n<li>Chair Panel sobre \u2013 Private equity into Colombia tax structuring \u201cEstructuraci\u00f3n de impuestos en la Compra de sociedades privadas en Colombia\u201d. Cuatrecasas, Nueva York, E.E.U.U. Junio \u2015 2008.<\/li>\n<li>Speaker on \u201cPlanning for the Pacific Coast Family\u201d, The Step Pacific.<\/li>\n<li>Rim Conference. San Francisco, E.E.U.U. Marzo \u2015 2008.<\/li>\n<li>Chair Panel on Taxation of Artists and Athletes, IBA. London, United Kingdom. March - 2006.<\/li>\n<\/ul>\n\t\t<\/div>\n\t\t<\/div><\/div><\/div><\/div><div class=\"vc_row-full-width vc_clearfix\"><\/div>\n<\/div>","protected":false},"excerpt":{"rendered":"M\u00f3nica Reyes Rodr\u00edguez Socia Fundadora Perfil profesional Socia fundadora de Reyes Abogados Asociados. Tiene amplia experiencia en Planeaci\u00f3n Fiscal Internacional,","protected":false},"author":1,"featured_media":0,"parent":0,"menu_order":0,"comment_status":"closed","ping_status":"closed","template":"","meta":{"footnotes":""},"class_list":["post-221","page","type-page","status-publish","hentry"],"_links":{"self":[{"href":"https:\/\/www.reyesaa.com\/en\/wp-json\/wp\/v2\/pages\/221","targetHints":{"allow":["GET"]}}],"collection":[{"href":"https:\/\/www.reyesaa.com\/en\/wp-json\/wp\/v2\/pages"}],"about":[{"href":"https:\/\/www.reyesaa.com\/en\/wp-json\/wp\/v2\/types\/page"}],"author":[{"embeddable":true,"href":"https:\/\/www.reyesaa.com\/en\/wp-json\/wp\/v2\/users\/1"}],"replies":[{"embeddable":true,"href":"https:\/\/www.reyesaa.com\/en\/wp-json\/wp\/v2\/comments?post=221"}],"version-history":[{"count":27,"href":"https:\/\/www.reyesaa.com\/en\/wp-json\/wp\/v2\/pages\/221\/revisions"}],"predecessor-version":[{"id":901,"href":"https:\/\/www.reyesaa.com\/en\/wp-json\/wp\/v2\/pages\/221\/revisions\/901"}],"wp:attachment":[{"href":"https:\/\/www.reyesaa.com\/en\/wp-json\/wp\/v2\/media?parent=221"}],"curies":[{"name":"wp","href":"https:\/\/api.w.org\/{rel}","templated":true}]}}