{"id":106,"date":"2023-08-08T06:32:50","date_gmt":"2023-08-08T11:32:50","guid":{"rendered":"https:\/\/www.reyesaa.com\/?page_id=106"},"modified":"2025-01-21T14:38:13","modified_gmt":"2025-01-21T19:38:13","slug":"nosotros","status":"publish","type":"page","link":"https:\/\/www.reyesaa.com\/en\/nosotros\/","title":{"rendered":"About Us"},"content":{"rendered":"<div class=\"wpb-content-wrapper\"><div data-vc-full-width=\"true\" data-vc-full-width-init=\"false\" data-vc-stretch-content=\"true\" class=\"vc_row wpb_row vc_row-fluid vc_custom_1691494252863 vc_row-no-padding wd-rs-64d22760ed6a0\"><div class=\"wpb_column vc_column_container vc_col-sm-12 wd-rs-64d227599e2a1\"><div class=\"vc_column-inner vc_custom_1691494238119\"><div class=\"wpb_wrapper\">\t\t\t<link rel=\"stylesheet\" id=\"wd-banner-css\" href=\"https:\/\/www.reyesaa.com\/wp-content\/themes\/woodmart\/css\/parts\/wpb-el-banner.min.css?ver=7.4.3\" type=\"text\/css\" media=\"all\" \/> \t\t\t\t\t\t<link rel=\"stylesheet\" id=\"wd-banner-btn-hover-css\" href=\"https:\/\/www.reyesaa.com\/wp-content\/themes\/woodmart\/css\/parts\/el-banner-btn-hover.min.css?ver=7.4.3\" type=\"text\/css\" media=\"all\" \/> \t\t\t\t\t\t<link rel=\"stylesheet\" id=\"wd-mod-highlighted-text-css\" href=\"https:\/\/www.reyesaa.com\/wp-content\/themes\/woodmart\/css\/parts\/mod-highlighted-text.min.css?ver=7.4.3\" type=\"text\/css\" media=\"all\" \/> \t\t\t\t\t<div class=\"promo-banner-wrapper  wd-rs-64de64411f2e9 vc_custom_1692296266776\">\n\t\t\t<div id=\"wd-64de64411f2e9\" class=\"promo-banner  banner- banner-hover-none color-scheme-light banner-btn-size-default banner-btn-style-default  wd-underline-colored\">\n\t\t\t\t<div class=\"main-wrapp-img\">\n\t\t\t\t\t<div class=\"banner-image wd-bg-position-center\" >\n\t\t\t\t\t\t<img loading=\"lazy\" decoding=\"async\" width=\"1920\" height=\"140\" src=\"https:\/\/www.reyesaa.com\/wp-content\/uploads\/cintillo.png\" class=\"attachment-full size-full\" alt=\"cintillo\" \/>\t\t\t\t\t<\/div>\n\t\t\t\t<\/div>\n\n\t\t\t\t<div class=\"wrapper-content-banner wd-fill  wd-items-middle wd-justify-center\">\n\t\t\t\t\t<div class=\"content-banner  text-center\">\n\t\t\t\t\t\t<h1 class=\"banner-title wd-font-weight-400 font-primary wd-fontsize-xxl\">About Us<\/h1>\t\t\t\t\t\t\n\t\t\t\t\t\t\n\t\t\t\t\t\t\t\t\t\t\t<\/div>\n\t\t\t\t<\/div>\n\n\t\t\t\t\n\t\t\t\t\t\t\t<\/div>\n\t\t<\/div>\n\n\t\t<\/div><\/div><\/div><\/div><div class=\"vc_row-full-width vc_clearfix\"><\/div><div data-vc-full-width=\"true\" data-vc-full-width-init=\"false\" data-vc-stretch-content=\"true\" class=\"vc_row wpb_row vc_row-fluid vc_custom_1691494460331 vc_row-no-padding vc_row-o-equal-height vc_row-o-content-middle vc_row-flex wd-rs-64d2282d5b6be\"><div class=\"wpb_column vc_column_container vc_col-sm-6 wd-rs-64d2284088f7f\"><div class=\"vc_column-inner vc_custom_1691494470440\"><div class=\"wpb_wrapper\">\t\t\t<link rel=\"stylesheet\" id=\"wd-image-gallery-css\" href=\"https:\/\/www.reyesaa.com\/wp-content\/themes\/woodmart\/css\/parts\/el-gallery.min.css?ver=7.4.3\" type=\"text\/css\" media=\"all\" \/> \t\t\t\t\t<div id=\"gallery_875\" class=\"wd-images-gallery wd-wpb wd-rs-67574f04e3dbf vc_custom_1733775130552\" style=\"--wd-justify-content:center;--wd-align-items:center;\">\n\t\t\t\n\t\t\t<div class=\"wd-grid-g\" style=\"--wd-col-lg:1;--wd-col-md:1;--wd-col-sm:1;--wd-gap-lg:0px;\">\n\t\t\t\t\n\t\t\t\t\t\t\t\t\t\t\t\t\t\t\t<div class=\"wd-gallery-item wd-col\">\n\t\t\t\t\t\t\t\n\t\t\t\t\t\t\t\t<img loading=\"lazy\" decoding=\"async\" width=\"2000\" height=\"1333\" src=\"https:\/\/www.reyesaa.com\/wp-content\/uploads\/MG_0549.jpg\" class=\"wd-gallery-image image-1\" alt=\"\" srcset=\"https:\/\/www.reyesaa.com\/wp-content\/uploads\/MG_0549.jpg 2000w, https:\/\/www.reyesaa.com\/wp-content\/uploads\/MG_0549-300x200.jpg 300w, https:\/\/www.reyesaa.com\/wp-content\/uploads\/MG_0549-1024x682.jpg 1024w, https:\/\/www.reyesaa.com\/wp-content\/uploads\/MG_0549-150x100.jpg 150w, https:\/\/www.reyesaa.com\/wp-content\/uploads\/MG_0549-768x512.jpg 768w, https:\/\/www.reyesaa.com\/wp-content\/uploads\/MG_0549-1536x1024.jpg 1536w, https:\/\/www.reyesaa.com\/wp-content\/uploads\/MG_0549-18x12.jpg 18w\" sizes=\"auto, (max-width: 2000px) 100vw, 2000px\" \/>\n\t\t\t\t\t\t\t\t\t\t\t\t\t\t<\/div>\n\t\t\t\t\t\t\t\t\t\n\t\t\t\t\t\t\t<\/div>\n\n\t\t\t\t\t<\/div>\n\t\t<\/div><\/div><\/div><\/div><div class=\"vc_row-full-width vc_clearfix\"><\/div><div data-vc-full-width=\"true\" data-vc-full-width-init=\"false\" class=\"vc_row wpb_row vc_row-fluid vc_custom_1691495044878 vc_row-has-fill wd-bg-center-top wd-rs-64d22a7f92ff7\"><div class=\"wpb_column vc_column_container vc_col-sm-12 wd-rs-64d1cbd13b406\"><div class=\"vc_column-inner vc_custom_1691470806922\"><div class=\"wpb_wrapper\">\t\t\t<link rel=\"stylesheet\" id=\"wd-section-title-css\" href=\"https:\/\/www.reyesaa.com\/wp-content\/themes\/woodmart\/css\/parts\/el-section-title.min.css?ver=7.4.3\" type=\"text\/css\" media=\"all\" \/> \t\t\t\n\t\t<div id=\"wd-64d22a8da4061\" class=\"title-wrapper wd-wpb set-mb-s reset-last-child  wd-rs-64d22a8da4061 wd-title-color-default wd-title-style-default text-left vc_custom_1691495056372 wd-underline-colored\">\n\t\t\t\n\t\t\t<div class=\"liner-continer\">\n\t\t\t\t<h5 class=\"woodmart-title-container title  wd-font-weight-400 wd-fontsize-xxl\" >What makes us different?<\/h5>\n\t\t\t\t\t\t\t<\/div>\n\t\t\t\n\t\t\t\n\t\t\t\n\t\t<\/div>\n\t\t\n\t\t<div class=\"vc_empty_space\"   style=\"height: 30px\"><span class=\"vc_empty_space_inner\"><\/span><\/div><div class=\"vc_row wpb_row vc_inner vc_row-fluid vc_custom_1691495085085 vc_column-gap-30 vc_row-o-content-middle vc_row-flex wd-rs-64d22aa8e82e4\"><div class=\"wpb_column vc_column_container vc_col-sm-6 wd-rs-64d1dcec80e63\"><div class=\"vc_column-inner vc_custom_1691475184292\"><div class=\"wpb_wrapper\">\n\t\t<div id=\"wd-64d22b55d7e67\" class=\"title-wrapper wd-wpb set-mb-s reset-last-child  wd-rs-64d22b55d7e67 wd-title-color-default wd-title-style-default text-left vc_custom_1691495263547 wd-underline-colored\">\n\t\t\t\n\t\t\t<div class=\"liner-continer\">\n\t\t\t\t<h4 class=\"woodmart-title-container title  wd-font-weight-400 wd-fontsize-xxl\" >Correspondents in most countries in the world<\/h4>\n\t\t\t\t\t\t\t<\/div>\n\t\t\t\n\t\t\t\n\t\t\t\n\t\t<\/div>\n\t\t\n\t\t\t\t\t<link rel=\"stylesheet\" id=\"wd-text-block-css\" href=\"https:\/\/www.reyesaa.com\/wp-content\/themes\/woodmart\/css\/parts\/el-text-block.min.css?ver=7.4.3\" type=\"text\/css\" media=\"all\" \/> \t\t\t\t\t<div id=\"wd-64d22ad5476e3\" class=\"wd-text-block wd-wpb reset-last-child wd-rs-64d22ad5476e3 text-left wd-font-weight-400\">\n\t\t\t<p>We have correspondents and specialized lawyers in most of the countries of the world, to whom we refer our clients with the security of having exceptional assistance and the quality that represents Reyes Abogados Asociados.<\/p>\n\t\t<\/div>\n\t\t<div class=\"vc_empty_space\"   style=\"height: 20px\"><span class=\"vc_empty_space_inner\"><\/span><\/div><div id=\"wd-64d4c0d7c9b7a\" class=\"wd-rs-64d4c0d7c9b7a  wd-button-wrapper text-center inline-element\"><a href=\"https:\/\/www.reyesaa.com\/en\/#servicios\" title=\"\" class=\"btn btn-scheme-custom btn-scheme-hover-custom btn-style-bordered btn-style-semi-round btn-size-default\">View services<\/a><\/div><div id=\"wd-64d30830b6cfd\" class=\"wd-rs-64d30830b6cfd  wd-button-wrapper text-center inline-element\"><a href=\"https:\/\/321agenciadigital.net\/reyes\/contactenos\/\" title=\"\" class=\"btn btn-scheme-custom btn-scheme-hover-custom btn-style-default btn-style-semi-round btn-size-default\">Contact<\/a><\/div><\/div><\/div><\/div>\t\t\t<link rel=\"stylesheet\" id=\"wd-animations-css\" href=\"https:\/\/www.reyesaa.com\/wp-content\/themes\/woodmart\/css\/parts\/mod-animations-transform.min.css?ver=7.4.3\" type=\"text\/css\" media=\"all\" \/> \t\t\t<div class=\"wpb_column vc_column_container vc_col-sm-6 wd-rs-64d1cb7e9327a\"><div class=\"vc_column-inner vc_custom_1691470723765\"><div class=\"wpb_wrapper\">\t\t<div id=\"gallery_644\" class=\"wd-images-gallery wd-wpb wd-animation-slide-from-right wd-animation-normal wd_delay_200 wd-rs-678fe13a39a12 vc_custom_1737488162553\" style=\"--wd-justify-content:center;--wd-align-items:center;\">\n\t\t\t\n\t\t\t<div class=\"wd-grid-g\" style=\"--wd-col-lg:1;--wd-col-md:1;--wd-col-sm:1;--wd-gap-lg:0px;\">\n\t\t\t\t\n\t\t\t\t\t\t\t\t\t\t\t\t\t\t\t<div class=\"wd-gallery-item wd-col\">\n\t\t\t\t\t\t\t\n\t\t\t\t\t\t\t\t<img loading=\"lazy\" decoding=\"async\" width=\"1600\" height=\"1054\" src=\"https:\/\/www.reyesaa.com\/wp-content\/uploads\/Picsart_24-02-13_15-52-21-928.jpg\" class=\"wd-gallery-image image-1\" alt=\"\" srcset=\"https:\/\/www.reyesaa.com\/wp-content\/uploads\/Picsart_24-02-13_15-52-21-928.jpg 1600w, https:\/\/www.reyesaa.com\/wp-content\/uploads\/Picsart_24-02-13_15-52-21-928-300x198.jpg 300w, https:\/\/www.reyesaa.com\/wp-content\/uploads\/Picsart_24-02-13_15-52-21-928-1024x675.jpg 1024w, https:\/\/www.reyesaa.com\/wp-content\/uploads\/Picsart_24-02-13_15-52-21-928-150x99.jpg 150w, https:\/\/www.reyesaa.com\/wp-content\/uploads\/Picsart_24-02-13_15-52-21-928-768x506.jpg 768w, https:\/\/www.reyesaa.com\/wp-content\/uploads\/Picsart_24-02-13_15-52-21-928-1536x1012.jpg 1536w, https:\/\/www.reyesaa.com\/wp-content\/uploads\/Picsart_24-02-13_15-52-21-928-18x12.jpg 18w\" sizes=\"auto, (max-width: 1600px) 100vw, 1600px\" \/>\n\t\t\t\t\t\t\t\t\t\t\t\t\t\t<\/div>\n\t\t\t\t\t\t\t\t\t\n\t\t\t\t\t\t\t<\/div>\n\n\t\t\t\t\t<\/div>\n\t\t<\/div><\/div><\/div><\/div><div class=\"vc_empty_space\"   style=\"height: 80px\"><span class=\"vc_empty_space_inner\"><\/span><\/div><div class=\"vc_row wpb_row vc_inner vc_row-fluid vc_column-gap-10 vc_row-o-content-middle vc_row-flex wd-rs-64dacffe64c78\"><div class=\"wpb_column vc_column_container vc_col-sm-1\/5\"><div class=\"vc_column-inner\"><div class=\"wpb_wrapper\">\t\t<div id=\"gallery_812\" class=\"wd-images-gallery wd-wpb wd-rs-64dacedee3439 hover-item\" style=\"--wd-justify-content:center;--wd-align-items:center;\">\n\t\t\t\n\t\t\t<div class=\"wd-grid-g\" style=\"--wd-col-lg:1;--wd-col-md:1;--wd-col-sm:1;--wd-gap-lg:0px;\">\n\t\t\t\t\n\t\t\t\t\t\t\t\t\t\t\t\t\t\t\t<div class=\"wd-gallery-item wd-col\">\n\t\t\t\t\t\t\t\n\t\t\t\t\t\t\t\t<img loading=\"lazy\" decoding=\"async\" width=\"150\" height=\"150\" src=\"https:\/\/www.reyesaa.com\/wp-content\/uploads\/International_Bar_Association_logo-1.png\" class=\"wd-gallery-image image-1\" alt=\"\" \/>\n\t\t\t\t\t\t\t\t\t\t\t\t\t\t<\/div>\n\t\t\t\t\t\t\t\t\t\n\t\t\t\t\t\t\t<\/div>\n\n\t\t\t\t\t<\/div>\n\t\t<\/div><\/div><\/div><div class=\"wpb_column vc_column_container vc_col-sm-1\/5\"><div class=\"vc_column-inner\"><div class=\"wpb_wrapper\">\t\t<div id=\"gallery_570\" class=\"wd-images-gallery wd-wpb wd-rs-64dacf0b39f3b hover-item\" style=\"--wd-justify-content:center;--wd-align-items:center;\">\n\t\t\t\n\t\t\t<div class=\"wd-grid-g\" style=\"--wd-col-lg:1;--wd-col-md:1;--wd-col-sm:1;--wd-gap-lg:0px;\">\n\t\t\t\t\n\t\t\t\t\t\t\t\t\t\t\t\t\t\t\t<div class=\"wd-gallery-item wd-col\">\n\t\t\t\t\t\t\t\n\t\t\t\t\t\t\t\t<img loading=\"lazy\" decoding=\"async\" width=\"161\" height=\"150\" src=\"https:\/\/www.reyesaa.com\/wp-content\/uploads\/descarga-1-1.png\" class=\"wd-gallery-image image-1\" alt=\"\" srcset=\"https:\/\/www.reyesaa.com\/wp-content\/uploads\/descarga-1-1.png 161w, https:\/\/www.reyesaa.com\/wp-content\/uploads\/descarga-1-1-150x140.png 150w\" sizes=\"auto, (max-width: 161px) 100vw, 161px\" \/>\n\t\t\t\t\t\t\t\t\t\t\t\t\t\t<\/div>\n\t\t\t\t\t\t\t\t\t\n\t\t\t\t\t\t\t<\/div>\n\n\t\t\t\t\t<\/div>\n\t\t<\/div><\/div><\/div><div class=\"wpb_column vc_column_container vc_col-sm-1\/5\"><div class=\"vc_column-inner\"><div class=\"wpb_wrapper\">\t\t<div id=\"gallery_257\" class=\"wd-images-gallery wd-wpb wd-rs-65fb00fdbfd43 hover-item\" style=\"--wd-justify-content:center;--wd-align-items:center;\">\n\t\t\t\n\t\t\t<div class=\"wd-grid-g\" style=\"--wd-col-lg:1;--wd-col-md:1;--wd-col-sm:1;--wd-gap-lg:0px;\">\n\t\t\t\t\n\t\t\t\t\t\t\t\t\t\t\t\t\t\t\t<div class=\"wd-gallery-item wd-col\">\n\t\t\t\t\t\t\t\n\t\t\t\t\t\t\t\t<img loading=\"lazy\" decoding=\"async\" width=\"191\" height=\"150\" src=\"https:\/\/www.reyesaa.com\/wp-content\/uploads\/LOGO-PARA-REDES-1.png\" class=\"wd-gallery-image image-1\" alt=\"\" srcset=\"https:\/\/www.reyesaa.com\/wp-content\/uploads\/LOGO-PARA-REDES-1.png 191w, https:\/\/www.reyesaa.com\/wp-content\/uploads\/LOGO-PARA-REDES-1-150x118.png 150w\" sizes=\"auto, (max-width: 191px) 100vw, 191px\" \/>\n\t\t\t\t\t\t\t\t\t\t\t\t\t\t<\/div>\n\t\t\t\t\t\t\t\t\t\n\t\t\t\t\t\t\t<\/div>\n\n\t\t\t\t\t<\/div>\n\t\t<\/div><\/div><\/div><div class=\"wpb_column vc_column_container vc_col-sm-1\/5\"><div class=\"vc_column-inner\"><div class=\"wpb_wrapper\">\t\t<div id=\"gallery_584\" class=\"wd-images-gallery wd-wpb wd-rs-65fb406a7c987 hover-item\" style=\"--wd-justify-content:center;--wd-align-items:center;\">\n\t\t\t\n\t\t\t<div class=\"wd-grid-g\" style=\"--wd-col-lg:1;--wd-col-md:1;--wd-col-sm:1;--wd-gap-lg:0px;\">\n\t\t\t\t\n\t\t\t\t\t\t\t\t\t\t\t\t\t\t\t<div class=\"wd-gallery-item wd-col\">\n\t\t\t\t\t\t\t\n\t\t\t\t\t\t\t\t<img loading=\"lazy\" decoding=\"async\" width=\"500\" height=\"500\" src=\"https:\/\/www.reyesaa.com\/wp-content\/uploads\/Diseno-sin-titulo-2.png\" class=\"wd-gallery-image image-1\" alt=\"\" srcset=\"https:\/\/www.reyesaa.com\/wp-content\/uploads\/Diseno-sin-titulo-2.png 500w, https:\/\/www.reyesaa.com\/wp-content\/uploads\/Diseno-sin-titulo-2-300x300.png 300w, https:\/\/www.reyesaa.com\/wp-content\/uploads\/Diseno-sin-titulo-2-150x150.png 150w, https:\/\/www.reyesaa.com\/wp-content\/uploads\/Diseno-sin-titulo-2-12x12.png 12w\" sizes=\"auto, (max-width: 500px) 100vw, 500px\" \/>\n\t\t\t\t\t\t\t\t\t\t\t\t\t\t<\/div>\n\t\t\t\t\t\t\t\t\t\n\t\t\t\t\t\t\t<\/div>\n\n\t\t\t\t\t<\/div>\n\t\t<\/div><\/div><\/div><div class=\"wpb_column vc_column_container vc_col-sm-1\/5\"><div class=\"vc_column-inner\"><div class=\"wpb_wrapper\">\t\t<div id=\"gallery_947\" class=\"wd-images-gallery wd-wpb wd-rs-65fb4460c1b30 hover-item\" style=\"--wd-justify-content:center;--wd-align-items:center;\">\n\t\t\t\n\t\t\t<div class=\"wd-grid-g\" style=\"--wd-col-lg:1;--wd-col-md:1;--wd-col-sm:1;--wd-gap-lg:0px;\">\n\t\t\t\t\n\t\t\t\t\t\t\t\t\t\t\t\t\t\t\t<div class=\"wd-gallery-item wd-col\">\n\t\t\t\t\t\t\t\n\t\t\t\t\t\t\t\t<img loading=\"lazy\" decoding=\"async\" width=\"500\" height=\"500\" src=\"https:\/\/www.reyesaa.com\/wp-content\/uploads\/Diseno-sin-titulo-7.png\" class=\"wd-gallery-image image-1\" alt=\"\" srcset=\"https:\/\/www.reyesaa.com\/wp-content\/uploads\/Diseno-sin-titulo-7.png 500w, https:\/\/www.reyesaa.com\/wp-content\/uploads\/Diseno-sin-titulo-7-300x300.png 300w, https:\/\/www.reyesaa.com\/wp-content\/uploads\/Diseno-sin-titulo-7-150x150.png 150w, https:\/\/www.reyesaa.com\/wp-content\/uploads\/Diseno-sin-titulo-7-12x12.png 12w\" sizes=\"auto, (max-width: 500px) 100vw, 500px\" \/>\n\t\t\t\t\t\t\t\t\t\t\t\t\t\t<\/div>\n\t\t\t\t\t\t\t\t\t\n\t\t\t\t\t\t\t<\/div>\n\n\t\t\t\t\t<\/div>\n\t\t<\/div><\/div><\/div><\/div><div class=\"vc_empty_space\"   style=\"height: 60px\"><span class=\"vc_empty_space_inner\"><\/span><\/div><\/div><\/div><\/div><\/div><div class=\"vc_row-full-width vc_clearfix\"><\/div>\n<\/div>","protected":false},"excerpt":{"rendered":"Sobre Nosotros \u00bfQu\u00e9 nos diferencia? Corresponsales en la mayor\u00eda de pa\u00edses del mundo Contamos con corresponsales y abogados especializados en","protected":false},"author":1,"featured_media":0,"parent":0,"menu_order":0,"comment_status":"closed","ping_status":"closed","template":"","meta":{"footnotes":""},"class_list":["post-106","page","type-page","status-publish","hentry"],"_links":{"self":[{"href":"https:\/\/www.reyesaa.com\/en\/wp-json\/wp\/v2\/pages\/106","targetHints":{"allow":["GET"]}}],"collection":[{"href":"https:\/\/www.reyesaa.com\/en\/wp-json\/wp\/v2\/pages"}],"about":[{"href":"https:\/\/www.reyesaa.com\/en\/wp-json\/wp\/v2\/types\/page"}],"author":[{"embeddable":true,"href":"https:\/\/www.reyesaa.com\/en\/wp-json\/wp\/v2\/users\/1"}],"replies":[{"embeddable":true,"href":"https:\/\/www.reyesaa.com\/en\/wp-json\/wp\/v2\/comments?post=106"}],"version-history":[{"count":26,"href":"https:\/\/www.reyesaa.com\/en\/wp-json\/wp\/v2\/pages\/106\/revisions"}],"predecessor-version":[{"id":947,"href":"https:\/\/www.reyesaa.com\/en\/wp-json\/wp\/v2\/pages\/106\/revisions\/947"}],"wp:attachment":[{"href":"https:\/\/www.reyesaa.com\/en\/wp-json\/wp\/v2\/media?parent=106"}],"curies":[{"name":"wp","href":"https:\/\/api.w.org\/{rel}","templated":true}]}}