{"id":141,"date":"2023-08-08T08:15:09","date_gmt":"2023-08-08T13:15:09","guid":{"rendered":"https:\/\/www.reyesaa.com\/?page_id=141"},"modified":"2023-08-08T08:51:32","modified_gmt":"2023-08-08T13:51:32","slug":"suscribete-a-nuestro-boletin","status":"publish","type":"page","link":"http:\/\/www.reyesaa.com\/en\/suscribete-a-nuestro-boletin\/","title":{"rendered":"Suscr\u00edbete a nuestro bolet\u00edn"},"content":{"rendered":"<div class=\"wpb-content-wrapper\"><div data-vc-full-width=\"true\" data-vc-full-width-init=\"false\" data-vc-stretch-content=\"true\" class=\"vc_row wpb_row vc_row-fluid vc_custom_1691496431271 vc_row-no-padding wd-rs-64d22feb30c4a\"><div class=\"wpb_column vc_column_container vc_col-sm-12 wd-rs-64d227599e2a1\"><div class=\"vc_column-inner vc_custom_1691494238119\"><div class=\"wpb_wrapper\">\t\t\t<link rel=\"stylesheet\" id=\"wd-image-gallery-css\" href=\"http:\/\/www.reyesaa.com\/wp-content\/themes\/woodmart\/css\/parts\/el-gallery.min.css?ver=7.4.3\" type=\"text\/css\" media=\"all\" \/> \t\t\t\t\t<div id=\"gallery_543\" class=\"wd-images-gallery wd-wpb wd-rs-64d23fcb3f93a vc_custom_1691500505661\" style=\"--wd-justify-content:center;--wd-align-items:center;\">\n\t\t\t\n\t\t\t<div class=\" wd-grid-g\" style=\"--wd-col-lg:1;--wd-col-md:1;--wd-col-sm:1;--wd-gap-lg:0px;\">\n\t\t\t\t\n\t\t\t\t\t\t\t\t\t\t\t\t\t\t\t<div class=\"wd-gallery-item wd-col\">\n\t\t\t\t\t\t\t\n\t\t\t\t\t\t\t\t<img loading=\"lazy\" decoding=\"async\" width=\"1921\" height=\"400\" src=\"https:\/\/www.reyesaa.com\/wp-content\/uploads\/banner-suscripcion.webp\" class=\"wd-gallery-image image-1\" alt=\"banner-suscripcion\" srcset=\"https:\/\/www.reyesaa.com\/wp-content\/uploads\/banner-suscripcion.webp 1921w, https:\/\/www.reyesaa.com\/wp-content\/uploads\/banner-suscripcion-300x62.webp 300w, https:\/\/www.reyesaa.com\/wp-content\/uploads\/banner-suscripcion-1024x213.webp 1024w, https:\/\/www.reyesaa.com\/wp-content\/uploads\/banner-suscripcion-150x31.webp 150w, https:\/\/www.reyesaa.com\/wp-content\/uploads\/banner-suscripcion-768x160.webp 768w, https:\/\/www.reyesaa.com\/wp-content\/uploads\/banner-suscripcion-1536x320.webp 1536w\" sizes=\"auto, (max-width: 1921px) 100vw, 1921px\" \/>\n\t\t\t\t\t\t\t\t\t\t\t\t\t\t<\/div>\n\t\t\t\t\t\t\t\t\t\n\t\t\t\t\t\t\t<\/div>\n\n\t\t\t\t\t<\/div>\n\t\t<\/div><\/div><\/div><\/div><div class=\"vc_row-full-width vc_clearfix\"><\/div><div data-vc-full-width=\"true\" data-vc-full-width-init=\"false\" data-vc-stretch-content=\"true\" class=\"vc_row wpb_row vc_row-fluid vc_custom_1691496409126 vc_row-no-padding wd-rs-64d22fd4cc925\"><div class=\"wpb_column vc_column_container vc_col-sm-12 wd-rs-64d227599e2a1\"><div class=\"vc_column-inner vc_custom_1691494238119\"><div class=\"wpb_wrapper\">\t\t\t<link rel=\"stylesheet\" id=\"wd-banner-css\" href=\"http:\/\/www.reyesaa.com\/wp-content\/themes\/woodmart\/css\/parts\/wpb-el-banner.min.css?ver=7.4.3\" type=\"text\/css\" media=\"all\" \/> \t\t\t\t\t\t<link rel=\"stylesheet\" id=\"wd-banner-btn-hover-css\" href=\"http:\/\/www.reyesaa.com\/wp-content\/themes\/woodmart\/css\/parts\/el-banner-btn-hover.min.css?ver=7.4.3\" type=\"text\/css\" media=\"all\" \/> \t\t\t\t\t\t<link rel=\"stylesheet\" id=\"wd-mod-highlighted-text-css\" href=\"http:\/\/www.reyesaa.com\/wp-content\/themes\/woodmart\/css\/parts\/mod-highlighted-text.min.css?ver=7.4.3\" type=\"text\/css\" media=\"all\" \/> \t\t\t\t\t<div class=\"promo-banner-wrapper  wd-rs-64d23fc3dc54d vc_custom_1691500488277\">\n\t\t\t<div id=\"wd-64d23fc3dc54d\" class=\"promo-banner  banner- banner-hover-none color-scheme-light banner-btn-size-default banner-btn-style-default  wd-underline-colored\">\n\t\t\t\t<div class=\"main-wrapp-img\">\n\t\t\t\t\t<div class=\"banner-image wd-bg-position-center\" >\n\t\t\t\t\t\t<img loading=\"lazy\" decoding=\"async\" width=\"1920\" height=\"140\" src=\"https:\/\/www.reyesaa.com\/wp-content\/uploads\/cintillo.png\" class=\"attachment-full size-full\" alt=\"cintillo\" \/>\t\t\t\t\t<\/div>\n\t\t\t\t<\/div>\n\n\t\t\t\t<div class=\"wrapper-content-banner wd-fill  wd-items-middle wd-justify-center\">\n\t\t\t\t\t<div class=\"content-banner  text-center\">\n\t\t\t\t\t\t<h1 class=\"banner-title wd-font-weight-400 font-primary wd-fontsize-xxl\">Suscr\u00edbete a nuestro bolet\u00edn<\/h1>\t\t\t\t\t\t\n\t\t\t\t\t\t\n\t\t\t\t\t\t\t\t\t\t\t<\/div>\n\t\t\t\t<\/div>\n\n\t\t\t\t\n\t\t\t\t\t\t\t<\/div>\n\t\t<\/div>\n\n\t\t<\/div><\/div><\/div><\/div><div class=\"vc_row-full-width vc_clearfix\"><\/div><div data-vc-full-width=\"true\" data-vc-full-width-init=\"false\" data-vc-stretch-content=\"true\" class=\"vc_row wpb_row vc_row-fluid vc_custom_1691500660734 vc_row-has-fill vc_row-no-padding vc_row-o-equal-height vc_row-o-content-middle vc_row-flex wd-bg-center-bottom wd-rs-64d2406f36f3f\"><div class=\"wpb_column vc_column_container vc_col-sm-6 vc_col-has-fill wd-bg-center-center wd-rs-64d2400702198\"><div class=\"vc_column-inner vc_custom_1691500554525\"><div class=\"wpb_wrapper\">\t\t\t<link rel=\"stylesheet\" id=\"wd-section-title-css\" href=\"http:\/\/www.reyesaa.com\/wp-content\/themes\/woodmart\/css\/parts\/el-section-title.min.css?ver=7.4.3\" type=\"text\/css\" media=\"all\" \/> \t\t\t\n\t\t<div id=\"wd-64d2484f7386c\" class=\"title-wrapper wd-wpb set-mb-s reset-last-child  wd-rs-64d2484f7386c wd-title-color-default wd-title-style-default text-left  wd-underline-colored\">\n\t\t\t\n\t\t\t<div class=\"liner-continer\">\n\t\t\t\t<h4 class=\"woodmart-title-container title  wd-font-weight-400 wd-fontsize-xl\" >D\u00e9janos tus datos a continuaci\u00f3n<\/h4>\n\t\t\t\t\t\t\t<\/div>\n\t\t\t\n\t\t\t\t\t\t\t<div class=\"title-after_title  set-cont-mb-s reset-last-child  wd-fontsize-s\">Para suscribirte a nuestro bolet\u00edn informativo<\/div>\n\t\t\t\n\t\t\t\n\t\t<\/div>\n\t\t\n\t\t\r\n<style type=\"text\/css\">\r\n\r\n\r\n\r\n\r\n\r\n\r\n\r\n\tbody #wpforms-148 .wpforms-submit-container .wpforms-submit, body #wpforms-148 .wpforms-field-pagebreak button.wpforms-page-button {\r\n\t\tcolor:#140a24 ;background-color:#f7f7f7 ;padding-left:30px;padding-right:30px;padding-top:10px;padding-bottom:10px;border-width:2px ;border-color:#140a24 ;border-radius:2px ;-web-border-radius:2px ;-moz-border-radius:2px ;\t\t\t}\r\n\r\n\tbody #wpforms-148 .wpforms-submit-container .wpforms-submit:hover, body #wpforms-148 .wpforms-field-pagebreak button.wpforms-page-button:hover {\r\n\tbackground-color:#140a24;\tcolor:#ffffff;\t}\r\n\r\n\tbody #wpforms-148 .wpforms-submit-container,\r\n\tbody #wpforms-148 .wpforms-field-pagebreak .wpforms-pagebreak-left{\r\n\t\t}\r\n\r\n\r\n\tbody #wpforms-148 .wpforms-form .wpforms-field input[type=text],\r\n\tbody #wpforms-148 .wpforms-form .wpforms-field input[type=email],\r\n\tbody #wpforms-148 .wpforms-form .wpforms-field input[type=tel],\r\n\tbody #wpforms-148 .wpforms-form .wpforms-field input[type=url],\r\n\tbody #wpforms-148 .wpforms-form .wpforms-field input[type=password],\r\n\tbody #wpforms-148 .wpforms-form .wpforms-field input[type=number]\r\n\t{\r\n\t\tborder-width:1px ;border-color:#aa7d55 ;border-radius:2px ;-web-border-radius:2px ;-moz-border-radius:2px ;\t\t\t}\r\n\r\n\tbody #wpforms-148 .wpforms-form .wpforms-field .wpforms-field-row\r\n\t{\r\n\t\t\t}\r\n\r\n\tbody #wpforms-148 .wpforms-form .wpforms-field-layout.wpforms-field input[type=text],\r\n\tbody #wpforms-148 .wpforms-form .wpforms-field-layout.wpforms-field input[type=email],\r\n\tbody #wpforms-148 .wpforms-form .wpforms-field-layout.wpforms-field input[type=tel],\r\n\tbody #wpforms-148 .wpforms-form .wpforms-field-layout.wpforms-field input[type=url],\r\n\tbody #wpforms-148 .wpforms-form .wpforms-field-layout.wpforms-field input[type=password],\r\n\tbody #wpforms-148 .wpforms-form .wpforms-field-layout.wpforms-field input[type=number]{\r\n\t\twidth: 100%;\r\n\t}\r\n\r\n\tbody #wpforms-148 .wpforms-form .wpforms-field .wpforms-field-row input[type=text]{\r\n\t\twidth: 100%;\r\n\t}\r\n\r\n\r\n\r\n\r\n\r\n\r\n\r\n\r\n\r\n\r\n\/* Styling for Tablets *\/\r\n@media only screen and (max-width: 800px) and (min-width:481px) {\r\n\t\r\n\r\n\r\n\r\n}\r\n\r\n@media only screen and (max-width: 480px){\r\n\t\r\n\r\n\r\n\r\n}\r\n\/*Option to add custom CSS *\/\r\n\r\n\r\n\r\n\t\t<\/style>\r\n\t\t<div class=\"wpforms-container wpforms-container-full wpforms-render-modern\" id=\"wpforms-148\"><form id=\"wpforms-form-148\" class=\"wpforms-validate wpforms-form wpforms-ajax-form\" data-formid=\"148\" method=\"post\" enctype=\"multipart\/form-data\" action=\"\/en\/wp-json\/wp\/v2\/pages\/141\"><noscript class=\"wpforms-error-noscript\">Please enable JavaScript in your browser to complete this form.<\/noscript><div class=\"wpforms-hidden\" id=\"wpforms-error-noscript\">Please enable JavaScript in your browser to complete this form.<\/div><div class=\"wpforms-field-container\"><div id=\"wpforms-148-field_1-container\" class=\"wpforms-field wpforms-field-layout\" data-field-id=\"1\"><label class=\"wpforms-field-label wpforms-label-hide\" for=\"wpforms-148-field_1\" aria-hidden=\"false\">Dise\u00f1o<\/label><div class=\"wpforms-field-layout-columns wpforms-field-layout-preset-50-50\"><div class=\"wpforms-layout-column wpforms-layout-column-50\"><div id=\"wpforms-148-field_2-container\" class=\"wpforms-field wpforms-field-name\" data-field-id=\"2\"><label class=\"wpforms-field-label wpforms-label-hide\" for=\"wpforms-148-field_2\" aria-hidden=\"false\">Nombre <span class=\"wpforms-required-label\" aria-hidden=\"true\">*<\/span><\/label><input type=\"text\" id=\"wpforms-148-field_2\" class=\"wpforms-field-medium wpforms-field-required\" name=\"wpforms[fields][2]\" placeholder=\"Nombre\" aria-errormessage=\"wpforms-148-field_2-error\" required><\/div><div id=\"wpforms-148-field_4-container\" class=\"wpforms-field wpforms-field-phone\" data-field-id=\"4\"><label class=\"wpforms-field-label wpforms-label-hide\" for=\"wpforms-148-field_4\" aria-hidden=\"false\">Tel\u00e9fono<\/label><input type=\"tel\" id=\"wpforms-148-field_4\" class=\"wpforms-field-medium wpforms-smart-phone-field\" data-rule-smart-phone-field=\"true\" name=\"wpforms[fields][4]\" placeholder=\"Tel\u00e9fono\" aria-errormessage=\"wpforms-148-field_4-error\" ><\/div><\/div><div class=\"wpforms-layout-column wpforms-layout-column-50\"><div id=\"wpforms-148-field_3-container\" class=\"wpforms-field wpforms-field-text\" data-field-id=\"3\"><label class=\"wpforms-field-label wpforms-label-hide\" for=\"wpforms-148-field_3\" aria-hidden=\"false\">Apellido <span class=\"wpforms-required-label\" aria-hidden=\"true\">*<\/span><\/label><input type=\"text\" id=\"wpforms-148-field_3\" class=\"wpforms-field-medium wpforms-field-required\" name=\"wpforms[fields][3]\" placeholder=\"Apellido\" aria-errormessage=\"wpforms-148-field_3-error\" required><\/div><div id=\"wpforms-148-field_5-container\" class=\"wpforms-field wpforms-field-email\" data-field-id=\"5\"><label class=\"wpforms-field-label wpforms-label-hide\" for=\"wpforms-148-field_5\" aria-hidden=\"false\">Correo electr\u00f3nico <span class=\"wpforms-required-label\" aria-hidden=\"true\">*<\/span><\/label><input type=\"email\" id=\"wpforms-148-field_5\" class=\"wpforms-field-medium wpforms-field-required\" name=\"wpforms[fields][5]\" placeholder=\"Email\" spellcheck=\"false\" aria-errormessage=\"wpforms-148-field_5-error\" required><\/div><\/div><\/div><\/div><\/div><!-- .wpforms-field-container --><div class=\"wpforms-recaptcha-container wpforms-is-recaptcha wpforms-is-recaptcha-type-v3\" ><input type=\"hidden\" name=\"wpforms[recaptcha]\" value=\"\"><\/div><div class=\"wpforms-submit-container\" ><input type=\"hidden\" name=\"wpforms[id]\" value=\"148\"><input type=\"hidden\" name=\"wpforms[author]\" value=\"1\"><input type=\"hidden\" class=\"wpforms-token\" name=\"wpforms[token]\" value=\"a6ee5ada84cf9482a01d9f85082fd103\" \/><button type=\"submit\" name=\"wpforms[submit]\" id=\"wpforms-submit-148\" class=\"wpforms-submit\" data-alt-text=\"Enviando...\" data-submit-text=\"Enviar\" aria-live=\"assertive\" value=\"wpforms-submit\">Enviar<\/button><img loading=\"lazy\" decoding=\"async\" src=\"http:\/\/www.reyesaa.com\/wp-content\/plugins\/wpforms\/assets\/images\/submit-spin.svg\" class=\"wpforms-submit-spinner\" style=\"display: none;\" width=\"26\" height=\"26\" alt=\"Loading\"><\/div><\/form><\/div>  <!-- .wpforms-container --><\/div><\/div><\/div><div class=\"wpb_column vc_column_container vc_col-sm-6 wd-rs-64d24067492a4\"><div class=\"vc_column-inner vc_custom_1691500652199\"><div class=\"wpb_wrapper\">\t\t<div id=\"gallery_759\" class=\"wd-images-gallery wd-wpb wd-rs-64d23f932963e vc_custom_1691500450398\" style=\"--wd-justify-content:center;--wd-align-items:center;\">\n\t\t\t\n\t\t\t<div class=\" wd-grid-g\" style=\"--wd-col-lg:1;--wd-col-md:1;--wd-col-sm:1;--wd-gap-lg:0px;\">\n\t\t\t\t\n\t\t\t\t\t\t\t\t\t\t\t\t\t\t\t<div class=\"wd-gallery-item wd-col\">\n\t\t\t\t\t\t\t\n\t\t\t\t\t\t\t\t<img loading=\"lazy\" decoding=\"async\" width=\"935\" height=\"671\" src=\"https:\/\/www.reyesaa.com\/wp-content\/uploads\/suscripcion.webp\" class=\"wd-gallery-image image-1\" alt=\"suscripcion\" srcset=\"https:\/\/www.reyesaa.com\/wp-content\/uploads\/suscripcion.webp 935w, https:\/\/www.reyesaa.com\/wp-content\/uploads\/suscripcion-300x215.webp 300w, https:\/\/www.reyesaa.com\/wp-content\/uploads\/suscripcion-150x108.webp 150w, https:\/\/www.reyesaa.com\/wp-content\/uploads\/suscripcion-768x551.webp 768w\" sizes=\"auto, (max-width: 935px) 100vw, 935px\" \/>\n\t\t\t\t\t\t\t\t\t\t\t\t\t\t<\/div>\n\t\t\t\t\t\t\t\t\t\n\t\t\t\t\t\t\t<\/div>\n\n\t\t\t\t\t<\/div>\n\t\t<\/div><\/div><\/div><\/div><div class=\"vc_row-full-width vc_clearfix\"><\/div>\n<\/div>","protected":false},"excerpt":{"rendered":"Suscr\u00edbete a nuestro bolet\u00edn D\u00e9janos tus datos a continuaci\u00f3n Para suscribirte a nuestro bolet\u00edn informativo Please enable JavaScript in your","protected":false},"author":1,"featured_media":0,"parent":0,"menu_order":0,"comment_status":"closed","ping_status":"closed","template":"","meta":{"footnotes":""},"class_list":["post-141","page","type-page","status-publish","hentry"],"_links":{"self":[{"href":"http:\/\/www.reyesaa.com\/en\/wp-json\/wp\/v2\/pages\/141","targetHints":{"allow":["GET"]}}],"collection":[{"href":"http:\/\/www.reyesaa.com\/en\/wp-json\/wp\/v2\/pages"}],"about":[{"href":"http:\/\/www.reyesaa.com\/en\/wp-json\/wp\/v2\/types\/page"}],"author":[{"embeddable":true,"href":"http:\/\/www.reyesaa.com\/en\/wp-json\/wp\/v2\/users\/1"}],"replies":[{"embeddable":true,"href":"http:\/\/www.reyesaa.com\/en\/wp-json\/wp\/v2\/comments?post=141"}],"version-history":[{"count":6,"href":"http:\/\/www.reyesaa.com\/en\/wp-json\/wp\/v2\/pages\/141\/revisions"}],"predecessor-version":[{"id":152,"href":"http:\/\/www.reyesaa.com\/en\/wp-json\/wp\/v2\/pages\/141\/revisions\/152"}],"wp:attachment":[{"href":"http:\/\/www.reyesaa.com\/en\/wp-json\/wp\/v2\/media?parent=141"}],"curies":[{"name":"wp","href":"https:\/\/api.w.org\/{rel}","templated":true}]}}